{"id":945,"date":"2020-11-09T00:33:32","date_gmt":"2020-11-09T00:33:32","guid":{"rendered":"https:\/\/bemnascer.online\/?page_id=945"},"modified":"2024-11-26T01:54:51","modified_gmt":"2024-11-26T01:54:51","slug":"bebes","status":"publish","type":"page","link":"https:\/\/bemnascer.pt\/?page_id=945","title":{"rendered":"Beb\u00e9s"},"content":{"rendered":"\t\t<div data-elementor-type=\"wp-page\" data-elementor-id=\"945\" class=\"elementor elementor-945\" data-elementor-settings=\"[]\">\n\t\t\t\t\t\t<div class=\"elementor-inner\">\n\t\t\t\t\t\t\t<div class=\"elementor-section-wrap\">\n\t\t\t\t\t\t\t<section class=\"elementor-section elementor-top-section elementor-element elementor-element-51341559 elementor-section-content-middle elementor-section-height-min-height elementor-section-boxed elementor-section-height-default elementor-section-items-middle\" data-id=\"51341559\" data-element_type=\"section\" data-settings=\"{&quot;background_background&quot;:&quot;classic&quot;}\">\n\t\t\t\t\t\t<div class=\"elementor-container elementor-column-gap-no\">\n\t\t\t\t\t\t\t<div class=\"elementor-row\">\n\t\t\t\t\t<div class=\"elementor-column elementor-col-100 elementor-top-column elementor-element elementor-element-6d31adf\" data-id=\"6d31adf\" data-element_type=\"column\">\n\t\t\t<div class=\"elementor-column-wrap elementor-element-populated\">\n\t\t\t\t\t\t\t<div class=\"elementor-widget-wrap\">\n\t\t\t\t\t\t<div class=\"elementor-element elementor-element-418867d7 elementor-widget elementor-widget-heading\" data-id=\"418867d7\" data-element_type=\"widget\" data-widget_type=\"heading.default\">\n\t\t\t\t<div class=\"elementor-widget-container\">\n\t\t\t<h1 class=\"elementor-heading-title elementor-size-xxl\">Beb\u00e9s<\/h1>\t\t<\/div>\n\t\t\t\t<\/div>\n\t\t\t\t\t\t<\/div>\n\t\t\t\t\t<\/div>\n\t\t<\/div>\n\t\t\t\t\t\t\t\t<\/div>\n\t\t\t\t\t<\/div>\n\t\t<\/section>\n\t\t\t\t<section class=\"elementor-section elementor-top-section elementor-element elementor-element-4f66cf01 elementor-section-boxed elementor-section-height-default elementor-section-height-default\" data-id=\"4f66cf01\" data-element_type=\"section\">\n\t\t\t\t\t\t<div class=\"elementor-container elementor-column-gap-default\">\n\t\t\t\t\t\t\t<div class=\"elementor-row\">\n\t\t\t\t\t<div class=\"elementor-column elementor-col-50 elementor-top-column elementor-element elementor-element-41e084fb\" data-id=\"41e084fb\" data-element_type=\"column\">\n\t\t\t<div class=\"elementor-column-wrap elementor-element-populated\">\n\t\t\t\t\t\t\t<div class=\"elementor-widget-wrap\">\n\t\t\t\t\t\t<div class=\"elementor-element elementor-element-1abfb6c elementor-widget elementor-widget-spacer\" data-id=\"1abfb6c\" data-element_type=\"widget\" data-widget_type=\"spacer.default\">\n\t\t\t\t<div class=\"elementor-widget-container\">\n\t\t\t\t\t<div class=\"elementor-spacer\">\n\t\t\t<div class=\"elementor-spacer-inner\"><\/div>\n\t\t<\/div>\n\t\t\t\t<\/div>\n\t\t\t\t<\/div>\n\t\t\t\t<div class=\"elementor-element elementor-element-2872ce14 elementor-widget elementor-widget-image\" data-id=\"2872ce14\" data-element_type=\"widget\" data-widget_type=\"image.default\">\n\t\t\t\t<div class=\"elementor-widget-container\">\n\t\t\t\t\t<div class=\"elementor-image\">\n\t\t\t\t\t\t\t\t\t\t<img width=\"435\" height=\"276\" src=\"https:\/\/bemnascer.pt\/wp-content\/uploads\/2020\/11\/Fotolia_60793725_XS.jpg\" class=\"attachment-large size-large\" alt=\"\" loading=\"lazy\" srcset=\"https:\/\/bemnascer.pt\/wp-content\/uploads\/2020\/11\/Fotolia_60793725_XS.jpg 435w, https:\/\/bemnascer.pt\/wp-content\/uploads\/2020\/11\/Fotolia_60793725_XS-300x190.jpg 300w\" sizes=\"(max-width: 435px) 100vw, 435px\" \/>\t\t\t\t\t\t\t\t\t\t\t<\/div>\n\t\t\t\t<\/div>\n\t\t\t\t<\/div>\n\t\t\t\t\t\t<\/div>\n\t\t\t\t\t<\/div>\n\t\t<\/div>\n\t\t\t\t<div class=\"elementor-column elementor-col-50 elementor-top-column elementor-element elementor-element-3ffff33c\" data-id=\"3ffff33c\" data-element_type=\"column\">\n\t\t\t<div class=\"elementor-column-wrap elementor-element-populated\">\n\t\t\t\t\t\t\t<div class=\"elementor-widget-wrap\">\n\t\t\t\t\t\t<div class=\"elementor-element elementor-element-eb1dfe3 elementor-widget elementor-widget-spacer\" data-id=\"eb1dfe3\" data-element_type=\"widget\" data-widget_type=\"spacer.default\">\n\t\t\t\t<div class=\"elementor-widget-container\">\n\t\t\t\t\t<div class=\"elementor-spacer\">\n\t\t\t<div class=\"elementor-spacer-inner\"><\/div>\n\t\t<\/div>\n\t\t\t\t<\/div>\n\t\t\t\t<\/div>\n\t\t\t\t<div class=\"elementor-element elementor-element-30783687 elementor-widget elementor-widget-heading\" data-id=\"30783687\" data-element_type=\"widget\" data-widget_type=\"heading.default\">\n\t\t\t\t<div class=\"elementor-widget-container\">\n\t\t\t<h2 class=\"elementor-heading-title elementor-size-large\">Curso de Massagem Infantil para Pais<\/h2>\t\t<\/div>\n\t\t\t\t<\/div>\n\t\t\t\t<div class=\"elementor-element elementor-element-6ddb837f elementor-widget elementor-widget-text-editor\" data-id=\"6ddb837f\" data-element_type=\"widget\" data-widget_type=\"text-editor.default\">\n\t\t\t\t<div class=\"elementor-widget-container\">\n\t\t\t\t\t<div class=\"elementor-text-editor elementor-clearfix\"><div class=\"flex-shrink-0 flex flex-col relative items-end\"><div><div class=\"pt-0\"><div class=\"gizmo-bot-avatar flex h-8 w-8 items-center justify-center overflow-hidden rounded-full\"><div class=\"relative p-1 rounded-sm flex items-center justify-center bg-token-main-surface-primary text-token-text-primary h-8 w-8\"><strong style=\"font-size: 16px;\">Massagem Infantil no Espa\u00e7o Bem Nascer: Conecte-se com o Seu Beb\u00e9 com Carinho e Afeto<\/strong><\/div><\/div><\/div><\/div><\/div><div class=\"group\/conversation-turn relative flex w-full min-w-0 flex-col agent-turn\"><div class=\"flex-col gap-1 md:gap-3\"><div class=\"flex max-w-full flex-col flex-grow\"><div class=\"min-h-8 text-message flex w-full flex-col items-end gap-2 whitespace-normal break-words [.text-message+&amp;]:mt-5\" dir=\"auto\" data-message-author-role=\"assistant\" data-message-id=\"124afed6-f0f7-4016-92b7-6f93bcc49cec\" data-message-model-slug=\"gpt-4o-mini\"><div class=\"flex w-full flex-col gap-1 empty:hidden first:pt-[3px]\"><div class=\"markdown prose w-full break-words dark:prose-invert dark\"><p>Tocar e massajar o seu beb\u00e9 \u00e9 uma forma poderosa de fortalecer o v\u00ednculo afetivo, promovendo o seu crescimento e desenvolvimento de maneira saud\u00e1vel e amorosa.<\/p><p>A <strong>massagem infantil<\/strong> oferece in\u00fameros benef\u00edcios, como a preven\u00e7\u00e3o de c\u00f3licas, pris\u00e3o de ventre e ins\u00f3nias, al\u00e9m de ajudar o beb\u00e9 a relaxar e sentir-se melhor. Ao incluir a massagem na sua rotina, cria momentos de felicidade que fortalecem a liga\u00e7\u00e3o entre pais e filhos, favorecendo o bem-estar do seu beb\u00e9.<\/p><p>Esta <strong>massagem \u00e9 indicada para beb\u00e9s com menos de 12 meses de vida<\/strong> e seus pais, proporcionando uma experi\u00eancia \u00fanica de conex\u00e3o.<\/p><p>O programa consiste em <strong>5 sess\u00f5es semanais<\/strong> de <strong>50 minutos<\/strong> cada, com acompanhamento especializado, para garantir os melhores resultados tanto para o beb\u00e9 quanto para os pais.<\/p><p>No <strong>Espa\u00e7o Bem Nascer<\/strong>, acreditamos no poder do toque e do carinho para apoiar o desenvolvimento saud\u00e1vel e harmonioso do seu beb\u00e9. <strong>Agende uma sess\u00e3o e descubra como a massagem pode transformar a experi\u00eancia de parentalidade!<\/strong><\/p><\/div><\/div><\/div><\/div><\/div><\/div><\/div>\n\t\t\t\t<\/div>\n\t\t\t\t<\/div>\n\t\t\t\t\t\t<\/div>\n\t\t\t\t\t<\/div>\n\t\t<\/div>\n\t\t\t\t\t\t\t\t<\/div>\n\t\t\t\t\t<\/div>\n\t\t<\/section>\n\t\t\t\t<section class=\"elementor-section elementor-top-section elementor-element elementor-element-135b39d5 elementor-section-boxed elementor-section-height-default elementor-section-height-default\" data-id=\"135b39d5\" data-element_type=\"section\">\n\t\t\t\t\t\t<div class=\"elementor-container elementor-column-gap-default\">\n\t\t\t\t\t\t\t<div class=\"elementor-row\">\n\t\t\t\t\t<div class=\"elementor-column elementor-col-50 elementor-top-column elementor-element elementor-element-632d734c\" data-id=\"632d734c\" data-element_type=\"column\">\n\t\t\t<div class=\"elementor-column-wrap elementor-element-populated\">\n\t\t\t\t\t\t\t<div class=\"elementor-widget-wrap\">\n\t\t\t\t\t\t<div class=\"elementor-element elementor-element-910a855 elementor-widget elementor-widget-spacer\" data-id=\"910a855\" data-element_type=\"widget\" data-widget_type=\"spacer.default\">\n\t\t\t\t<div class=\"elementor-widget-container\">\n\t\t\t\t\t<div class=\"elementor-spacer\">\n\t\t\t<div class=\"elementor-spacer-inner\"><\/div>\n\t\t<\/div>\n\t\t\t\t<\/div>\n\t\t\t\t<\/div>\n\t\t\t\t<div class=\"elementor-element elementor-element-2e455b54 elementor-widget elementor-widget-image\" data-id=\"2e455b54\" data-element_type=\"widget\" data-widget_type=\"image.default\">\n\t\t\t\t<div class=\"elementor-widget-container\">\n\t\t\t\t\t<div class=\"elementor-image\">\n\t\t\t\t\t\t\t\t\t\t<img width=\"925\" height=\"629\" src=\"https:\/\/bemnascer.pt\/wp-content\/uploads\/2020\/11\/Happy-move2.png\" class=\"attachment-large size-large\" alt=\"\" loading=\"lazy\" srcset=\"https:\/\/bemnascer.pt\/wp-content\/uploads\/2020\/11\/Happy-move2.png 925w, https:\/\/bemnascer.pt\/wp-content\/uploads\/2020\/11\/Happy-move2-300x204.png 300w, https:\/\/bemnascer.pt\/wp-content\/uploads\/2020\/11\/Happy-move2-768x522.png 768w\" sizes=\"(max-width: 925px) 100vw, 925px\" \/>\t\t\t\t\t\t\t\t\t\t\t<\/div>\n\t\t\t\t<\/div>\n\t\t\t\t<\/div>\n\t\t\t\t\t\t<\/div>\n\t\t\t\t\t<\/div>\n\t\t<\/div>\n\t\t\t\t<div class=\"elementor-column elementor-col-50 elementor-top-column elementor-element elementor-element-4d6a1cb9\" data-id=\"4d6a1cb9\" data-element_type=\"column\">\n\t\t\t<div class=\"elementor-column-wrap elementor-element-populated\">\n\t\t\t\t\t\t\t<div class=\"elementor-widget-wrap\">\n\t\t\t\t\t\t<div class=\"elementor-element elementor-element-64ad721 elementor-widget elementor-widget-spacer\" data-id=\"64ad721\" data-element_type=\"widget\" data-widget_type=\"spacer.default\">\n\t\t\t\t<div class=\"elementor-widget-container\">\n\t\t\t\t\t<div class=\"elementor-spacer\">\n\t\t\t<div class=\"elementor-spacer-inner\"><\/div>\n\t\t<\/div>\n\t\t\t\t<\/div>\n\t\t\t\t<\/div>\n\t\t\t\t<div class=\"elementor-element elementor-element-7b40fbdc elementor-widget elementor-widget-heading\" data-id=\"7b40fbdc\" data-element_type=\"widget\" data-widget_type=\"heading.default\">\n\t\t\t\t<div class=\"elementor-widget-container\">\n\t\t\t<h2 class=\"elementor-heading-title elementor-size-large\">Projeto Happy Move: Est\u00edmulo ao Desenvolvimento do Beb\u00e9 e Apoio aos Pais<\/h2>\t\t<\/div>\n\t\t\t\t<\/div>\n\t\t\t\t<div class=\"elementor-element elementor-element-2145a834 elementor-widget elementor-widget-text-editor\" data-id=\"2145a834\" data-element_type=\"widget\" data-widget_type=\"text-editor.default\">\n\t\t\t\t<div class=\"elementor-widget-container\">\n\t\t\t\t\t<div class=\"elementor-text-editor elementor-clearfix\"><p>O <strong>brincar<\/strong> \u00e9 fundamental para o desenvolvimento cognitivo, emocional e social do beb\u00e9, ajudando-o a fortalecer a <strong>autoestima<\/strong>, a <strong>confian\u00e7a<\/strong> e a <strong>integra\u00e7\u00e3o social<\/strong>. Atrav\u00e9s do brincar organizado e estimulante, o beb\u00e9 adquire as compet\u00eancias essenciais para lidar com os desafios do dia a dia, tornando-se mais criativo e autoconfiante.<\/p><p><strong>Como estimular o desenvolvimento do beb\u00e9 no primeiro ano de vida?<\/strong><\/p><p>O <strong>Espa\u00e7o Bem Nascer<\/strong> apresenta o <strong>projeto Happy Move<\/strong>, que oferece uma oportunidade \u00fanica para que os pais <strong>conhe\u00e7am e experienciem<\/strong> o desenvolvimento psicomotor e afetivo-emocional dos seus filhos, ao mesmo tempo que aprendem como <strong>estimular de forma eficaz<\/strong> o desenvolvimento do beb\u00e9, respeitando o seu ritmo individual.<\/p><p>O projeto \u00e9 estruturado em <strong>tr\u00eas m\u00f3dulos<\/strong>:<\/p><ul><li><strong>M\u00f3dulo 1<\/strong>: 0-3 meses<\/li><li><strong>M\u00f3dulo 2<\/strong>: 4-7 meses<\/li><li><strong>M\u00f3dulo 3<\/strong>: 8-12 meses<\/li><\/ul><p>Cada m\u00f3dulo inclui <strong>tr\u00eas sess\u00f5es semanais<\/strong>, com <strong>uma hora<\/strong> de dura\u00e7\u00e3o, proporcionando um ambiente onde os beb\u00e9s exploram e desenvolvem o interesse pelo brincar, passando pelas etapas sensoriomotoras e cognitivas de forma adequada \u00e0 sua idade. Al\u00e9m disso, os pais aprendem pr\u00e1ticas e t\u00e9cnicas de estimula\u00e7\u00e3o que favorecem o desenvolvimento do seu beb\u00e9 e refor\u00e7am o v\u00ednculo familiar.<\/p><p>No <strong>Espa\u00e7o Bem Nascer<\/strong>, acreditamos que o desenvolvimento do beb\u00e9 \u00e9 potencializado pelo envolvimento ativo dos pais. <strong>Participe no Happy Move e descubra como estimular o seu beb\u00e9 para um crescimento saud\u00e1vel e equilibrado!<\/strong><\/p><\/div>\n\t\t\t\t<\/div>\n\t\t\t\t<\/div>\n\t\t\t\t\t\t<\/div>\n\t\t\t\t\t<\/div>\n\t\t<\/div>\n\t\t\t\t\t\t\t\t<\/div>\n\t\t\t\t\t<\/div>\n\t\t<\/section>\n\t\t\t\t\t\t<\/div>\n\t\t\t\t\t\t<\/div>\n\t\t\t\t\t<\/div>\n\t\t","protected":false},"excerpt":{"rendered":"<p>Beb\u00e9s Curso de Massagem Infantil para Pais Massagem Infantil no Espa\u00e7o Bem Nascer: Conecte-se com o Seu Beb\u00e9 com Carinho e Afeto Tocar e massajar o seu beb\u00e9 \u00e9 uma forma poderosa de fortalecer o v\u00ednculo afetivo, promovendo o seu crescimento e desenvolvimento de maneira saud\u00e1vel e amorosa. A massagem infantil oferece in\u00fameros benef\u00edcios, como &hellip;<\/p>\n<p class=\"read-more\"> <a class=\"\" href=\"https:\/\/bemnascer.pt\/?page_id=945\"> <span class=\"screen-reader-text\">Beb\u00e9s<\/span> Read More &raquo;<\/a><\/p>\n","protected":false},"author":2,"featured_media":0,"parent":0,"menu_order":0,"comment_status":"closed","ping_status":"closed","template":"","meta":[],"yoast_head":"<!-- This site is optimized with the Yoast SEO plugin v15.3 - https:\/\/yoast.com\/wordpress\/plugins\/seo\/ -->\n<title>Beb\u00e9s - Bem Nascer<\/title>\n<meta name=\"robots\" content=\"index, follow, max-snippet:-1, max-image-preview:large, max-video-preview:-1\" \/>\n<link rel=\"canonical\" href=\"https:\/\/bemnascer.pt\/?page_id=945\" \/>\n<meta property=\"og:locale\" content=\"pt_PT\" \/>\n<meta property=\"og:type\" content=\"article\" \/>\n<meta property=\"og:title\" content=\"Beb\u00e9s - Bem Nascer\" \/>\n<meta property=\"og:description\" content=\"Beb\u00e9s Curso de Massagem Infantil para Pais Massagem Infantil no Espa\u00e7o Bem Nascer: Conecte-se com o Seu Beb\u00e9 com Carinho e Afeto Tocar e massajar o seu beb\u00e9 \u00e9 uma forma poderosa de fortalecer o v\u00ednculo afetivo, promovendo o seu crescimento e desenvolvimento de maneira saud\u00e1vel e amorosa. A massagem infantil oferece in\u00fameros benef\u00edcios, como &hellip; Beb\u00e9s Read More &raquo;\" \/>\n<meta property=\"og:url\" content=\"https:\/\/bemnascer.pt\/?page_id=945\" \/>\n<meta property=\"og:site_name\" content=\"Bem Nascer\" \/>\n<meta property=\"article:publisher\" content=\"https:\/\/www.facebook.com\/bemnascersantarem\" \/>\n<meta property=\"article:modified_time\" content=\"2024-11-26T01:54:51+00:00\" \/>\n<meta property=\"og:image\" content=\"https:\/\/bemnascer.pt\/wp-content\/uploads\/2020\/11\/Fotolia_60793725_XS.jpg\" \/>\n<meta name=\"twitter:card\" content=\"summary_large_image\" \/>\n<meta name=\"twitter:label1\" content=\"Written by\">\n\t<meta name=\"twitter:data1\" content=\"Ana Violante\">\n\t<meta name=\"twitter:label2\" content=\"Est. reading time\">\n\t<meta name=\"twitter:data2\" content=\"2 minutos\">\n<script type=\"application\/ld+json\" class=\"yoast-schema-graph\">{\"@context\":\"https:\/\/schema.org\",\"@graph\":[{\"@type\":\"Organization\",\"@id\":\"https:\/\/bemnascer.pt\/#organization\",\"name\":\"Bem Nascer\",\"url\":\"https:\/\/bemnascer.pt\/\",\"sameAs\":[\"https:\/\/www.facebook.com\/bemnascersantarem\",\"https:\/\/www.instagram.com\/bemnascer_str\/\"],\"logo\":{\"@type\":\"ImageObject\",\"@id\":\"https:\/\/bemnascer.pt\/#logo\",\"inLanguage\":\"pt-PT\",\"url\":\"https:\/\/bemnascer.pt\/wp-content\/uploads\/2020\/10\/logo-e1603372835884.png\",\"width\":1000,\"height\":627,\"caption\":\"Bem Nascer\"},\"image\":{\"@id\":\"https:\/\/bemnascer.pt\/#logo\"}},{\"@type\":\"WebSite\",\"@id\":\"https:\/\/bemnascer.pt\/#website\",\"url\":\"https:\/\/bemnascer.pt\/\",\"name\":\"Bem Nascer\",\"description\":\"prepara\\u00e7\\u00e3o para o nascimento e parentalidade\",\"publisher\":{\"@id\":\"https:\/\/bemnascer.pt\/#organization\"},\"potentialAction\":[{\"@type\":\"SearchAction\",\"target\":\"https:\/\/bemnascer.pt\/?s={search_term_string}\",\"query-input\":\"required name=search_term_string\"}],\"inLanguage\":\"pt-PT\"},{\"@type\":\"ImageObject\",\"@id\":\"https:\/\/bemnascer.pt\/?page_id=945#primaryimage\",\"inLanguage\":\"pt-PT\",\"url\":\"https:\/\/bemnascer.pt\/wp-content\/uploads\/2020\/11\/Fotolia_60793725_XS.jpg\",\"width\":435,\"height\":276,\"caption\":\"doctor doing gymnastics baby girl\"},{\"@type\":\"WebPage\",\"@id\":\"https:\/\/bemnascer.pt\/?page_id=945#webpage\",\"url\":\"https:\/\/bemnascer.pt\/?page_id=945\",\"name\":\"Beb\\u00e9s - Bem Nascer\",\"isPartOf\":{\"@id\":\"https:\/\/bemnascer.pt\/#website\"},\"primaryImageOfPage\":{\"@id\":\"https:\/\/bemnascer.pt\/?page_id=945#primaryimage\"},\"datePublished\":\"2020-11-09T00:33:32+00:00\",\"dateModified\":\"2024-11-26T01:54:51+00:00\",\"inLanguage\":\"pt-PT\",\"potentialAction\":[{\"@type\":\"ReadAction\",\"target\":[\"https:\/\/bemnascer.pt\/?page_id=945\"]}]}]}<\/script>\n<!-- \/ Yoast SEO plugin. -->","_links":{"self":[{"href":"https:\/\/bemnascer.pt\/index.php?rest_route=\/wp\/v2\/pages\/945"}],"collection":[{"href":"https:\/\/bemnascer.pt\/index.php?rest_route=\/wp\/v2\/pages"}],"about":[{"href":"https:\/\/bemnascer.pt\/index.php?rest_route=\/wp\/v2\/types\/page"}],"author":[{"embeddable":true,"href":"https:\/\/bemnascer.pt\/index.php?rest_route=\/wp\/v2\/users\/2"}],"replies":[{"embeddable":true,"href":"https:\/\/bemnascer.pt\/index.php?rest_route=%2Fwp%2Fv2%2Fcomments&post=945"}],"version-history":[{"count":65,"href":"https:\/\/bemnascer.pt\/index.php?rest_route=\/wp\/v2\/pages\/945\/revisions"}],"predecessor-version":[{"id":57288,"href":"https:\/\/bemnascer.pt\/index.php?rest_route=\/wp\/v2\/pages\/945\/revisions\/57288"}],"wp:attachment":[{"href":"https:\/\/bemnascer.pt\/index.php?rest_route=%2Fwp%2Fv2%2Fmedia&parent=945"}],"curies":[{"name":"wp","href":"https:\/\/api.w.org\/{rel}","templated":true}]}}