{"id":859,"date":"2020-11-08T13:31:05","date_gmt":"2020-11-08T13:31:05","guid":{"rendered":"https:\/\/bemnascer.online\/?page_id=859"},"modified":"2023-01-21T00:09:58","modified_gmt":"2023-01-21T00:09:58","slug":"preparacao-para-o-parto-e-parentalidade","status":"publish","type":"page","link":"https:\/\/bemnascer.pt\/?page_id=859","title":{"rendered":"Prepara\u00e7\u00e3o para o parto e parentalidade"},"content":{"rendered":"\t\t<div data-elementor-type=\"wp-page\" data-elementor-id=\"859\" class=\"elementor elementor-859\" data-elementor-settings=\"[]\">\n\t\t\t\t\t\t<div class=\"elementor-inner\">\n\t\t\t\t\t\t\t<div class=\"elementor-section-wrap\">\n\t\t\t\t\t\t\t<section class=\"elementor-section elementor-top-section elementor-element elementor-element-7fbc5170 elementor-section-height-min-height elementor-section-boxed elementor-section-height-default elementor-section-items-middle\" data-id=\"7fbc5170\" data-element_type=\"section\" data-settings=\"{&quot;background_background&quot;:&quot;classic&quot;}\">\n\t\t\t\t\t\t\t<div class=\"elementor-background-overlay\"><\/div>\n\t\t\t\t\t\t\t<div class=\"elementor-container elementor-column-gap-no\">\n\t\t\t\t\t\t\t<div class=\"elementor-row\">\n\t\t\t\t\t<div class=\"elementor-column elementor-col-100 elementor-top-column elementor-element elementor-element-7b3318cd\" data-id=\"7b3318cd\" data-element_type=\"column\" data-settings=\"{&quot;background_background&quot;:&quot;classic&quot;}\">\n\t\t\t<div class=\"elementor-column-wrap elementor-element-populated\">\n\t\t\t\t\t\t\t<div class=\"elementor-widget-wrap\">\n\t\t\t\t\t\t<div class=\"elementor-element elementor-element-0012a6c elementor-widget elementor-widget-spacer\" data-id=\"0012a6c\" data-element_type=\"widget\" data-widget_type=\"spacer.default\">\n\t\t\t\t<div class=\"elementor-widget-container\">\n\t\t\t\t\t<div class=\"elementor-spacer\">\n\t\t\t<div class=\"elementor-spacer-inner\"><\/div>\n\t\t<\/div>\n\t\t\t\t<\/div>\n\t\t\t\t<\/div>\n\t\t\t\t<div class=\"elementor-element elementor-element-19d842f4 elementor-widget elementor-widget-heading\" data-id=\"19d842f4\" data-element_type=\"widget\" data-widget_type=\"heading.default\">\n\t\t\t\t<div class=\"elementor-widget-container\">\n\t\t\t<h2 class=\"elementor-heading-title elementor-size-xl\">Prepara\u00e7\u00e3o para o parto e parentalidade<\/h2>\t\t<\/div>\n\t\t\t\t<\/div>\n\t\t\t\t\t\t<\/div>\n\t\t\t\t\t<\/div>\n\t\t<\/div>\n\t\t\t\t\t\t\t\t<\/div>\n\t\t\t\t\t<\/div>\n\t\t<\/section>\n\t\t\t\t<section class=\"elementor-section elementor-top-section elementor-element elementor-element-9134154 elementor-section-boxed elementor-section-height-default elementor-section-height-default\" data-id=\"9134154\" data-element_type=\"section\">\n\t\t\t\t\t\t<div class=\"elementor-container elementor-column-gap-default\">\n\t\t\t\t\t\t\t<div class=\"elementor-row\">\n\t\t\t\t\t<div class=\"elementor-column elementor-col-100 elementor-top-column elementor-element elementor-element-394b55c\" data-id=\"394b55c\" data-element_type=\"column\">\n\t\t\t<div class=\"elementor-column-wrap elementor-element-populated\">\n\t\t\t\t\t\t\t<div class=\"elementor-widget-wrap\">\n\t\t\t\t\t\t<div class=\"elementor-element elementor-element-186c43d elementor-widget elementor-widget-text-editor\" data-id=\"186c43d\" data-element_type=\"widget\" data-widget_type=\"text-editor.default\">\n\t\t\t\t<div class=\"elementor-widget-container\">\n\t\t\t\t\t<div class=\"elementor-text-editor elementor-clearfix\"><p>Ao receberem a not\u00edcia de que v\u00e3o ter um beb\u00e9 os futuros pais t\u00eam necessidade de informa\u00e7\u00e3o e apoio&nbsp; nesta nova, incr\u00edvel e por vezes assustadora etapa das suas vidas. Os cursos de prepara\u00e7\u00e3o para o parto e parentalidade pretendem n\u00e3o s\u00f3 preparar o casal para o momento do parto orientando-os no sentido de terem nele uma participa\u00e7\u00e3o ativa, efetiva e afetiva mas sobretudo melhorar a sua qualidade de vida durante a gravidez, parto e p\u00f3s parto. Com o objetivo de facilitar a integra\u00e7\u00e3o do beb\u00e9 no seio familiar a nossa atua\u00e7\u00e3o centra-se na gr\u00e1vida e tamb\u00e9m no companheiro, av\u00f3s e\/ou outros elementos de refer\u00eancia.&nbsp;&nbsp;<\/p><\/div>\n\t\t\t\t<\/div>\n\t\t\t\t<\/div>\n\t\t\t\t\t\t<\/div>\n\t\t\t\t\t<\/div>\n\t\t<\/div>\n\t\t\t\t\t\t\t\t<\/div>\n\t\t\t\t\t<\/div>\n\t\t<\/section>\n\t\t\t\t<section class=\"elementor-section elementor-top-section elementor-element elementor-element-10b4c0c elementor-section-boxed elementor-section-height-default elementor-section-height-default\" data-id=\"10b4c0c\" data-element_type=\"section\">\n\t\t\t\t\t\t<div class=\"elementor-container elementor-column-gap-wider\">\n\t\t\t\t\t\t\t<div class=\"elementor-row\">\n\t\t\t\t\t<div class=\"elementor-column elementor-col-33 elementor-top-column elementor-element elementor-element-3b5a293\" data-id=\"3b5a293\" data-element_type=\"column\">\n\t\t\t<div class=\"elementor-column-wrap elementor-element-populated\">\n\t\t\t\t\t\t\t<div class=\"elementor-widget-wrap\">\n\t\t\t\t\t\t<div class=\"elementor-element elementor-element-cab511f elementor-widget elementor-widget-image\" data-id=\"cab511f\" data-element_type=\"widget\" data-widget_type=\"image.default\">\n\t\t\t\t<div class=\"elementor-widget-container\">\n\t\t\t\t\t<div class=\"elementor-image\">\n\t\t\t\t\t\t\t\t\t\t<img width=\"729\" height=\"669\" src=\"https:\/\/bemnascer.pt\/wp-content\/uploads\/2020\/11\/Sem-Titulo4.png\" class=\"attachment-large size-large\" alt=\"\" loading=\"lazy\" srcset=\"https:\/\/bemnascer.pt\/wp-content\/uploads\/2020\/11\/Sem-Titulo4.png 729w, https:\/\/bemnascer.pt\/wp-content\/uploads\/2020\/11\/Sem-Titulo4-300x275.png 300w\" sizes=\"(max-width: 729px) 100vw, 729px\" \/>\t\t\t\t\t\t\t\t\t\t\t<\/div>\n\t\t\t\t<\/div>\n\t\t\t\t<\/div>\n\t\t\t\t\t\t<\/div>\n\t\t\t\t\t<\/div>\n\t\t<\/div>\n\t\t\t\t<div class=\"elementor-column elementor-col-66 elementor-top-column elementor-element elementor-element-0dbcac4\" data-id=\"0dbcac4\" data-element_type=\"column\">\n\t\t\t<div class=\"elementor-column-wrap elementor-element-populated\">\n\t\t\t\t\t\t\t<div class=\"elementor-widget-wrap\">\n\t\t\t\t\t\t<div class=\"elementor-element elementor-element-ae9a1ca elementor-widget elementor-widget-heading\" data-id=\"ae9a1ca\" data-element_type=\"widget\" data-widget_type=\"heading.default\">\n\t\t\t\t<div class=\"elementor-widget-container\">\n\t\t\t<h2 class=\"elementor-heading-title elementor-size-large\">Curso normal <\/h2>\t\t<\/div>\n\t\t\t\t<\/div>\n\t\t\t\t<div class=\"elementor-element elementor-element-4addbb7 elementor-widget elementor-widget-text-editor\" data-id=\"4addbb7\" data-element_type=\"widget\" data-widget_type=\"text-editor.default\">\n\t\t\t\t<div class=\"elementor-widget-container\">\n\t\t\t\t\t<div class=\"elementor-text-editor elementor-clearfix\"><p style=\"text-align: left;\" data-wnd_is_separable=\"1\" data-wnd_separable_index=\"0\" data-wnd_separable_id=\"wnd_TextBlock_626867\">Os cursos t\u00eam uma data espec\u00edfica de inicio, entre as 27 e as 29 semanas de gesta\u00e7\u00e3o e prolongam-se at\u00e9 \u00e0 data do parto, garantindo o acompanhamento mais prolongado e personalizado.<\/p><p style=\"text-align: left;\" data-wnd_is_separable=\"1\" data-wnd_separable_index=\"0\" data-wnd_separable_id=\"wnd_TextBlock_626867\">Nas sess\u00f5es bissemanais de 1:30h cada, o casal adquire conhecimentos sobre variad\u00edssimos temas que o capacitem para o parto e cuidar do beb\u00e9 e englobam:\u00a0<\/p><p style=\"text-align: left;\" data-wnd_is_separable=\"1\" data-wnd_separable_index=\"0\" data-wnd_separable_id=\"wnd_TextBlock_626867\"><strong>Gravidez<\/strong>: fisiologia da gravidez, h\u00e1bitos saud\u00e1veis e al\u00edvio de desconfortos, sinais e sintomas de alarme durante a gravidez, quando ir e o que levar para a maternidade, criopreserva\u00e7\u00e3o de c\u00e9lulas estaminais, plano de parto.<\/p><p style=\"text-align: left;\" data-wnd_is_separable=\"1\" data-wnd_separable_index=\"0\" data-wnd_separable_id=\"wnd_TextBlock_626867\"><strong>Trabalho de parto e parto:<\/strong> anatomia e fisiologia, trabalho de parto espont\u00e2neo e induzido, tipos de parto, como lidar com a dor, exerc\u00edcios de mobilidade, t\u00e9cnicas de relaxamento e respira\u00e7\u00e3o.<br \/><strong>Cuidados ao beb\u00e9:<\/strong> contacto pele a pele, cuidados de higiene e conforto, lidar com as c\u00f3licas, tipos de sono, seguran\u00e7a infantil, massagem infantil<\/p><p style=\"text-align: left;\"><strong>Amamenta\u00e7\u00e3o:<\/strong> fisiologia, como dar de mamar, dificuldades, conserva\u00e7\u00e3o de leite materno, mitos.<\/p><p style=\"text-align: left;\"><strong>Puerp\u00e9rio:<\/strong> r<span style=\"font-size: 16px; background-color: rgba(255, 255, 255, 0);\">egresso a casa, c<\/span><span style=\"font-size: 16px; background-color: rgba(255, 255, 255, 0);\">uidados no p\u00f3s parto, v<\/span><span style=\"font-size: 16px; background-color: rgba(255, 255, 255, 0);\">igil\u00e2ncia de sa\u00fade da m\u00e3e e beb\u00e9, c<\/span><span style=\"font-size: 16px; background-color: rgba(255, 255, 255, 0);\">ontrace\u00e7\u00e3o e r<\/span><span style=\"font-size: 16px; background-color: rgba(255, 255, 255, 0);\">ecupera\u00e7\u00e3o p\u00f3s parto<\/span><\/p><\/div>\n\t\t\t\t<\/div>\n\t\t\t\t<\/div>\n\t\t\t\t\t\t<\/div>\n\t\t\t\t\t<\/div>\n\t\t<\/div>\n\t\t\t\t\t\t\t\t<\/div>\n\t\t\t\t\t<\/div>\n\t\t<\/section>\n\t\t\t\t<section class=\"elementor-section elementor-top-section elementor-element elementor-element-cbb03e5 elementor-section-boxed elementor-section-height-default elementor-section-height-default\" data-id=\"cbb03e5\" data-element_type=\"section\">\n\t\t\t\t\t\t<div class=\"elementor-container elementor-column-gap-wider\">\n\t\t\t\t\t\t\t<div class=\"elementor-row\">\n\t\t\t\t\t<div class=\"elementor-column elementor-col-33 elementor-top-column elementor-element elementor-element-d258423\" data-id=\"d258423\" data-element_type=\"column\" data-settings=\"{&quot;background_background&quot;:&quot;classic&quot;}\">\n\t\t\t<div class=\"elementor-column-wrap elementor-element-populated\">\n\t\t\t\t\t\t\t<div class=\"elementor-widget-wrap\">\n\t\t\t\t\t\t<div class=\"elementor-element elementor-element-f0b31fb elementor-widget elementor-widget-image\" data-id=\"f0b31fb\" data-element_type=\"widget\" data-widget_type=\"image.default\">\n\t\t\t\t<div class=\"elementor-widget-container\">\n\t\t\t\t\t<div class=\"elementor-image\">\n\t\t\t\t\t\t\t\t\t\t<img width=\"1280\" height=\"853\" src=\"https:\/\/bemnascer.pt\/wp-content\/uploads\/2020\/11\/pregnant-woman-pregnant-mam-2691410.jpg\" class=\"attachment-full size-full\" alt=\"pregnant woman, pregnant, mam\" loading=\"lazy\" srcset=\"https:\/\/bemnascer.pt\/wp-content\/uploads\/2020\/11\/pregnant-woman-pregnant-mam-2691410.jpg 1280w, https:\/\/bemnascer.pt\/wp-content\/uploads\/2020\/11\/pregnant-woman-pregnant-mam-2691410-300x200.jpg 300w, https:\/\/bemnascer.pt\/wp-content\/uploads\/2020\/11\/pregnant-woman-pregnant-mam-2691410-1024x682.jpg 1024w, https:\/\/bemnascer.pt\/wp-content\/uploads\/2020\/11\/pregnant-woman-pregnant-mam-2691410-768x512.jpg 768w\" sizes=\"(max-width: 1280px) 100vw, 1280px\" \/>\t\t\t\t\t\t\t\t\t\t\t<\/div>\n\t\t\t\t<\/div>\n\t\t\t\t<\/div>\n\t\t\t\t\t\t<\/div>\n\t\t\t\t\t<\/div>\n\t\t<\/div>\n\t\t\t\t<div class=\"elementor-column elementor-col-66 elementor-top-column elementor-element elementor-element-34fb5c7\" data-id=\"34fb5c7\" data-element_type=\"column\">\n\t\t\t<div class=\"elementor-column-wrap elementor-element-populated\">\n\t\t\t\t\t\t\t<div class=\"elementor-widget-wrap\">\n\t\t\t\t\t\t<div class=\"elementor-element elementor-element-0b877bb elementor-widget elementor-widget-heading\" data-id=\"0b877bb\" data-element_type=\"widget\" data-widget_type=\"heading.default\">\n\t\t\t\t<div class=\"elementor-widget-container\">\n\t\t\t<h2 class=\"elementor-heading-title elementor-size-large\">Curso intensivo<\/h2>\t\t<\/div>\n\t\t\t\t<\/div>\n\t\t\t\t<div class=\"elementor-element elementor-element-c3e0505 elementor-widget elementor-widget-text-editor\" data-id=\"c3e0505\" data-element_type=\"widget\" data-widget_type=\"text-editor.default\">\n\t\t\t\t<div class=\"elementor-widget-container\">\n\t\t\t\t\t<div class=\"elementor-text-editor elementor-clearfix\"><p>Quando o tempo urge ou o casal gr\u00e1vido n\u00e3o disp\u00f5e de tempo para realizar o curso normal\u00a0 cri\u00e1mos um curso que responda \u00e0s suas necessidades. Este curso de 12 horas condensa a informa\u00e7\u00e3o de forma a preparar o casal para o parto e parentalidade<\/p><\/div>\n\t\t\t\t<\/div>\n\t\t\t\t<\/div>\n\t\t\t\t\t\t<\/div>\n\t\t\t\t\t<\/div>\n\t\t<\/div>\n\t\t\t\t\t\t\t\t<\/div>\n\t\t\t\t\t<\/div>\n\t\t<\/section>\n\t\t\t\t\t\t<\/div>\n\t\t\t\t\t\t<\/div>\n\t\t\t\t\t<\/div>\n\t\t","protected":false},"excerpt":{"rendered":"<p>Prepara\u00e7\u00e3o para o parto e parentalidade Ao receberem a not\u00edcia de que v\u00e3o ter um beb\u00e9 os futuros pais t\u00eam necessidade de informa\u00e7\u00e3o e apoio&nbsp; nesta nova, incr\u00edvel e por vezes assustadora etapa das suas vidas. Os cursos de prepara\u00e7\u00e3o para o parto e parentalidade pretendem n\u00e3o s\u00f3 preparar o casal para o momento do &hellip;<\/p>\n<p class=\"read-more\"> <a class=\"\" href=\"https:\/\/bemnascer.pt\/?page_id=859\"> <span class=\"screen-reader-text\">Prepara\u00e7\u00e3o para o parto e parentalidade<\/span> Read More &raquo;<\/a><\/p>\n","protected":false},"author":2,"featured_media":0,"parent":0,"menu_order":0,"comment_status":"closed","ping_status":"closed","template":"","meta":[],"yoast_head":"<!-- This site is optimized with the Yoast SEO plugin v15.3 - https:\/\/yoast.com\/wordpress\/plugins\/seo\/ -->\n<title>Prepara\u00e7\u00e3o para o parto e parentalidade - Bem Nascer<\/title>\n<meta name=\"robots\" content=\"index, follow, max-snippet:-1, max-image-preview:large, max-video-preview:-1\" \/>\n<link rel=\"canonical\" href=\"https:\/\/bemnascer.pt\/?page_id=859\" \/>\n<meta property=\"og:locale\" content=\"pt_PT\" \/>\n<meta property=\"og:type\" content=\"article\" \/>\n<meta property=\"og:title\" content=\"Prepara\u00e7\u00e3o para o parto e parentalidade - Bem Nascer\" \/>\n<meta property=\"og:description\" content=\"Prepara\u00e7\u00e3o para o parto e parentalidade Ao receberem a not\u00edcia de que v\u00e3o ter um beb\u00e9 os futuros pais t\u00eam necessidade de informa\u00e7\u00e3o e apoio&nbsp; nesta nova, incr\u00edvel e por vezes assustadora etapa das suas vidas. Os cursos de prepara\u00e7\u00e3o para o parto e parentalidade pretendem n\u00e3o s\u00f3 preparar o casal para o momento do &hellip; Prepara\u00e7\u00e3o para o parto e parentalidade Read More &raquo;\" \/>\n<meta property=\"og:url\" content=\"https:\/\/bemnascer.pt\/?page_id=859\" \/>\n<meta property=\"og:site_name\" content=\"Bem Nascer\" \/>\n<meta property=\"article:publisher\" content=\"https:\/\/www.facebook.com\/bemnascersantarem\" \/>\n<meta property=\"article:modified_time\" content=\"2023-01-21T00:09:58+00:00\" \/>\n<meta property=\"og:image\" content=\"https:\/\/bemnascer.pt\/wp-content\/uploads\/2020\/11\/Sem-Titulo4.png\" \/>\n<meta name=\"twitter:card\" content=\"summary_large_image\" \/>\n<meta name=\"twitter:label1\" content=\"Written by\">\n\t<meta name=\"twitter:data1\" content=\"Ana Violante\">\n\t<meta name=\"twitter:label2\" content=\"Est. reading time\">\n\t<meta name=\"twitter:data2\" content=\"2 minutos\">\n<script type=\"application\/ld+json\" class=\"yoast-schema-graph\">{\"@context\":\"https:\/\/schema.org\",\"@graph\":[{\"@type\":\"Organization\",\"@id\":\"https:\/\/bemnascer.pt\/#organization\",\"name\":\"Bem Nascer\",\"url\":\"https:\/\/bemnascer.pt\/\",\"sameAs\":[\"https:\/\/www.facebook.com\/bemnascersantarem\",\"https:\/\/www.instagram.com\/bemnascer_str\/\"],\"logo\":{\"@type\":\"ImageObject\",\"@id\":\"https:\/\/bemnascer.pt\/#logo\",\"inLanguage\":\"pt-PT\",\"url\":\"https:\/\/bemnascer.pt\/wp-content\/uploads\/2020\/10\/logo-e1603372835884.png\",\"width\":1000,\"height\":627,\"caption\":\"Bem Nascer\"},\"image\":{\"@id\":\"https:\/\/bemnascer.pt\/#logo\"}},{\"@type\":\"WebSite\",\"@id\":\"https:\/\/bemnascer.pt\/#website\",\"url\":\"https:\/\/bemnascer.pt\/\",\"name\":\"Bem Nascer\",\"description\":\"prepara\\u00e7\\u00e3o para o nascimento e parentalidade\",\"publisher\":{\"@id\":\"https:\/\/bemnascer.pt\/#organization\"},\"potentialAction\":[{\"@type\":\"SearchAction\",\"target\":\"https:\/\/bemnascer.pt\/?s={search_term_string}\",\"query-input\":\"required name=search_term_string\"}],\"inLanguage\":\"pt-PT\"},{\"@type\":\"ImageObject\",\"@id\":\"https:\/\/bemnascer.pt\/?page_id=859#primaryimage\",\"inLanguage\":\"pt-PT\",\"url\":\"https:\/\/bemnascer.pt\/wp-content\/uploads\/2020\/11\/Sem-Titulo4.png\",\"width\":729,\"height\":669},{\"@type\":\"WebPage\",\"@id\":\"https:\/\/bemnascer.pt\/?page_id=859#webpage\",\"url\":\"https:\/\/bemnascer.pt\/?page_id=859\",\"name\":\"Prepara\\u00e7\\u00e3o para o parto e parentalidade - Bem Nascer\",\"isPartOf\":{\"@id\":\"https:\/\/bemnascer.pt\/#website\"},\"primaryImageOfPage\":{\"@id\":\"https:\/\/bemnascer.pt\/?page_id=859#primaryimage\"},\"datePublished\":\"2020-11-08T13:31:05+00:00\",\"dateModified\":\"2023-01-21T00:09:58+00:00\",\"inLanguage\":\"pt-PT\",\"potentialAction\":[{\"@type\":\"ReadAction\",\"target\":[\"https:\/\/bemnascer.pt\/?page_id=859\"]}]}]}<\/script>\n<!-- \/ Yoast SEO plugin. -->","_links":{"self":[{"href":"https:\/\/bemnascer.pt\/index.php?rest_route=\/wp\/v2\/pages\/859"}],"collection":[{"href":"https:\/\/bemnascer.pt\/index.php?rest_route=\/wp\/v2\/pages"}],"about":[{"href":"https:\/\/bemnascer.pt\/index.php?rest_route=\/wp\/v2\/types\/page"}],"author":[{"embeddable":true,"href":"https:\/\/bemnascer.pt\/index.php?rest_route=\/wp\/v2\/users\/2"}],"replies":[{"embeddable":true,"href":"https:\/\/bemnascer.pt\/index.php?rest_route=%2Fwp%2Fv2%2Fcomments&post=859"}],"version-history":[{"count":92,"href":"https:\/\/bemnascer.pt\/index.php?rest_route=\/wp\/v2\/pages\/859\/revisions"}],"predecessor-version":[{"id":2680,"href":"https:\/\/bemnascer.pt\/index.php?rest_route=\/wp\/v2\/pages\/859\/revisions\/2680"}],"wp:attachment":[{"href":"https:\/\/bemnascer.pt\/index.php?rest_route=%2Fwp%2Fv2%2Fmedia&parent=859"}],"curies":[{"name":"wp","href":"https:\/\/api.w.org\/{rel}","templated":true}]}}