{"id":846,"date":"2020-11-08T12:28:47","date_gmt":"2020-11-08T12:28:47","guid":{"rendered":"https:\/\/bemnascer.online\/?page_id=846"},"modified":"2021-02-16T00:54:33","modified_gmt":"2021-02-16T00:54:33","slug":"elementor-846","status":"publish","type":"page","link":"https:\/\/bemnascer.pt\/?page_id=846","title":{"rendered":"Pr\u00e9 Parto"},"content":{"rendered":"\t\t<div data-elementor-type=\"wp-page\" data-elementor-id=\"846\" class=\"elementor elementor-846\" data-elementor-settings=\"[]\">\n\t\t\t\t\t\t<div class=\"elementor-inner\">\n\t\t\t\t\t\t\t<div class=\"elementor-section-wrap\">\n\t\t\t\t\t\t\t<section class=\"elementor-section elementor-top-section elementor-element elementor-element-1f55ead0 elementor-section-content-middle elementor-section-height-min-height elementor-section-boxed elementor-section-height-default elementor-section-items-middle\" data-id=\"1f55ead0\" data-element_type=\"section\" data-settings=\"{&quot;background_background&quot;:&quot;classic&quot;}\">\n\t\t\t\t\t\t\t<div class=\"elementor-background-overlay\"><\/div>\n\t\t\t\t\t\t\t<div class=\"elementor-container elementor-column-gap-no\">\n\t\t\t\t\t\t\t<div class=\"elementor-row\">\n\t\t\t\t\t<div class=\"elementor-column elementor-col-100 elementor-top-column elementor-element elementor-element-7a897af9\" data-id=\"7a897af9\" data-element_type=\"column\">\n\t\t\t<div class=\"elementor-column-wrap elementor-element-populated\">\n\t\t\t\t\t\t\t<div class=\"elementor-widget-wrap\">\n\t\t\t\t\t\t<div class=\"elementor-element elementor-element-87ed6d4 elementor-widget elementor-widget-heading\" data-id=\"87ed6d4\" data-element_type=\"widget\" data-widget_type=\"heading.default\">\n\t\t\t\t<div class=\"elementor-widget-container\">\n\t\t\t<h1 class=\"elementor-heading-title elementor-size-xxl\">Pr\u00e9 Parto<\/h1>\t\t<\/div>\n\t\t\t\t<\/div>\n\t\t\t\t\t\t<\/div>\n\t\t\t\t\t<\/div>\n\t\t<\/div>\n\t\t\t\t\t\t\t\t<\/div>\n\t\t\t\t\t<\/div>\n\t\t<\/section>\n\t\t\t\t<section class=\"elementor-section elementor-top-section elementor-element elementor-element-549a006 elementor-section-boxed elementor-section-height-default elementor-section-height-default\" data-id=\"549a006\" data-element_type=\"section\">\n\t\t\t\t\t\t<div class=\"elementor-container elementor-column-gap-default\">\n\t\t\t\t\t\t\t<div class=\"elementor-row\">\n\t\t\t\t\t<div class=\"elementor-column elementor-col-100 elementor-top-column elementor-element elementor-element-9cde47c\" data-id=\"9cde47c\" data-element_type=\"column\">\n\t\t\t<div class=\"elementor-column-wrap elementor-element-populated\">\n\t\t\t\t\t\t\t<div class=\"elementor-widget-wrap\">\n\t\t\t\t\t\t<div class=\"elementor-element elementor-element-ccad3c0 elementor-widget elementor-widget-spacer\" data-id=\"ccad3c0\" data-element_type=\"widget\" data-widget_type=\"spacer.default\">\n\t\t\t\t<div class=\"elementor-widget-container\">\n\t\t\t\t\t<div class=\"elementor-spacer\">\n\t\t\t<div class=\"elementor-spacer-inner\"><\/div>\n\t\t<\/div>\n\t\t\t\t<\/div>\n\t\t\t\t<\/div>\n\t\t\t\t\t\t<\/div>\n\t\t\t\t\t<\/div>\n\t\t<\/div>\n\t\t\t\t\t\t\t\t<\/div>\n\t\t\t\t\t<\/div>\n\t\t<\/section>\n\t\t\t\t<section class=\"elementor-section elementor-top-section elementor-element elementor-element-738da0d2 elementor-section-boxed elementor-section-height-default elementor-section-height-default\" data-id=\"738da0d2\" data-element_type=\"section\">\n\t\t\t\t\t\t<div class=\"elementor-container elementor-column-gap-default\">\n\t\t\t\t\t\t\t<div class=\"elementor-row\">\n\t\t\t\t\t<div class=\"elementor-column elementor-col-50 elementor-top-column elementor-element elementor-element-40fee7ab\" data-id=\"40fee7ab\" data-element_type=\"column\">\n\t\t\t<div class=\"elementor-column-wrap elementor-element-populated\">\n\t\t\t\t\t\t\t<div class=\"elementor-widget-wrap\">\n\t\t\t\t\t\t<div class=\"elementor-element elementor-element-644d6997 elementor-widget elementor-widget-image\" data-id=\"644d6997\" data-element_type=\"widget\" data-widget_type=\"image.default\">\n\t\t\t\t<div class=\"elementor-widget-container\">\n\t\t\t\t\t<div class=\"elementor-image\">\n\t\t\t\t\t\t\t\t\t\t\t<a href=\"https:\/\/bemnascer.pt\/?page_id=859\">\n\t\t\t\t\t\t\t<img width=\"1000\" height=\"667\" src=\"https:\/\/bemnascer.pt\/wp-content\/uploads\/2020\/11\/shutterstock_65531599.jpg\" class=\"attachment-large size-large\" alt=\"\" loading=\"lazy\" srcset=\"https:\/\/bemnascer.pt\/wp-content\/uploads\/2020\/11\/shutterstock_65531599.jpg 1000w, https:\/\/bemnascer.pt\/wp-content\/uploads\/2020\/11\/shutterstock_65531599-300x200.jpg 300w, https:\/\/bemnascer.pt\/wp-content\/uploads\/2020\/11\/shutterstock_65531599-768x512.jpg 768w\" sizes=\"(max-width: 1000px) 100vw, 1000px\" \/>\t\t\t\t\t\t\t\t<\/a>\n\t\t\t\t\t\t\t\t\t\t\t<\/div>\n\t\t\t\t<\/div>\n\t\t\t\t<\/div>\n\t\t\t\t\t\t<\/div>\n\t\t\t\t\t<\/div>\n\t\t<\/div>\n\t\t\t\t<div class=\"elementor-column elementor-col-50 elementor-top-column elementor-element elementor-element-6ab551a5\" data-id=\"6ab551a5\" data-element_type=\"column\">\n\t\t\t<div class=\"elementor-column-wrap elementor-element-populated\">\n\t\t\t\t\t\t\t<div class=\"elementor-widget-wrap\">\n\t\t\t\t\t\t<div class=\"elementor-element elementor-element-1f52247e elementor-widget elementor-widget-heading\" data-id=\"1f52247e\" data-element_type=\"widget\" data-widget_type=\"heading.default\">\n\t\t\t\t<div class=\"elementor-widget-container\">\n\t\t\t<h3 class=\"elementor-heading-title elementor-size-default\"><a href=\"https:\/\/bemnascer.pt\/?page_id=859\">Prepara\u00e7\u00e3o para o parto e parentalidade<\/a><\/h3>\t\t<\/div>\n\t\t\t\t<\/div>\n\t\t\t\t<div class=\"elementor-element elementor-element-4e616e06 elementor-widget elementor-widget-text-editor\" data-id=\"4e616e06\" data-element_type=\"widget\" data-widget_type=\"text-editor.default\">\n\t\t\t\t<div class=\"elementor-widget-container\">\n\t\t\t\t\t<div class=\"elementor-text-editor elementor-clearfix\"><p><span style=\"color: #999999;\"><a style=\"color: #999999;\" href=\"https:\/\/bemnascer.pt\/?page_id=859\">Os cursos de prepara\u00e7\u00e3o para o parto e parentalidade pretendem preparar o casal para o momento do parto melhorando a sua qualidade de vida<\/a><\/span><\/p><\/div>\n\t\t\t\t<\/div>\n\t\t\t\t<\/div>\n\t\t\t\t\t\t<\/div>\n\t\t\t\t\t<\/div>\n\t\t<\/div>\n\t\t\t\t\t\t\t\t<\/div>\n\t\t\t\t\t<\/div>\n\t\t<\/section>\n\t\t\t\t<section class=\"elementor-section elementor-top-section elementor-element elementor-element-a476f91 elementor-section-boxed elementor-section-height-default elementor-section-height-default\" data-id=\"a476f91\" data-element_type=\"section\">\n\t\t\t\t\t\t<div class=\"elementor-container elementor-column-gap-default\">\n\t\t\t\t\t\t\t<div class=\"elementor-row\">\n\t\t\t\t\t<div class=\"elementor-column elementor-col-50 elementor-top-column elementor-element elementor-element-9c6ef6a\" data-id=\"9c6ef6a\" data-element_type=\"column\">\n\t\t\t<div class=\"elementor-column-wrap elementor-element-populated\">\n\t\t\t\t\t\t\t<div class=\"elementor-widget-wrap\">\n\t\t\t\t\t\t<div class=\"elementor-element elementor-element-84ecb97 elementor-widget elementor-widget-image\" data-id=\"84ecb97\" data-element_type=\"widget\" data-widget_type=\"image.default\">\n\t\t\t\t<div class=\"elementor-widget-container\">\n\t\t\t\t\t<div class=\"elementor-image\">\n\t\t\t\t\t\t\t\t\t\t\t<a href=\"https:\/\/bemnascer.pt\/?page_id=869\">\n\t\t\t\t\t\t\t<img width=\"1000\" height=\"667\" src=\"https:\/\/bemnascer.pt\/wp-content\/uploads\/2020\/11\/shutterstock_658254193.jpg\" class=\"attachment-large size-large\" alt=\"\" loading=\"lazy\" srcset=\"https:\/\/bemnascer.pt\/wp-content\/uploads\/2020\/11\/shutterstock_658254193.jpg 1000w, https:\/\/bemnascer.pt\/wp-content\/uploads\/2020\/11\/shutterstock_658254193-300x200.jpg 300w, https:\/\/bemnascer.pt\/wp-content\/uploads\/2020\/11\/shutterstock_658254193-768x512.jpg 768w\" sizes=\"(max-width: 1000px) 100vw, 1000px\" \/>\t\t\t\t\t\t\t\t<\/a>\n\t\t\t\t\t\t\t\t\t\t\t<\/div>\n\t\t\t\t<\/div>\n\t\t\t\t<\/div>\n\t\t\t\t\t\t<\/div>\n\t\t\t\t\t<\/div>\n\t\t<\/div>\n\t\t\t\t<div class=\"elementor-column elementor-col-50 elementor-top-column elementor-element elementor-element-97ff8f1\" data-id=\"97ff8f1\" data-element_type=\"column\">\n\t\t\t<div class=\"elementor-column-wrap elementor-element-populated\">\n\t\t\t\t\t\t\t<div class=\"elementor-widget-wrap\">\n\t\t\t\t\t\t<div class=\"elementor-element elementor-element-49181ab elementor-widget elementor-widget-heading\" data-id=\"49181ab\" data-element_type=\"widget\" data-widget_type=\"heading.default\">\n\t\t\t\t<div class=\"elementor-widget-container\">\n\t\t\t<h3 class=\"elementor-heading-title elementor-size-default\"><a href=\"https:\/\/bemnascer.pt\/?page_id=869\">Exerc\u00edcio f\u00edsico na gravidez<\/a><\/h3>\t\t<\/div>\n\t\t\t\t<\/div>\n\t\t\t\t<div class=\"elementor-element elementor-element-91f8e29 elementor-widget elementor-widget-text-editor\" data-id=\"91f8e29\" data-element_type=\"widget\" data-widget_type=\"text-editor.default\">\n\t\t\t\t<div class=\"elementor-widget-container\">\n\t\t\t\t\t<div class=\"elementor-text-editor elementor-clearfix\"><p><span style=\"color: #999999;\"><a style=\"color: #999999;\" href=\"https:\/\/bemnascer.pt\/?page_id=869\">Estar gr\u00e1vida n\u00e3o pode, nem deve ser sinonimo de estar inativa. O exerc\u00edcio f\u00edsico \u00e9 ben\u00e9fico em todas as etapas da nossa vida e a gravidez n\u00e3o \u00e9 exce\u00e7\u00e3o.<\/a><\/span><\/p><\/div>\n\t\t\t\t<\/div>\n\t\t\t\t<\/div>\n\t\t\t\t\t\t<\/div>\n\t\t\t\t\t<\/div>\n\t\t<\/div>\n\t\t\t\t\t\t\t\t<\/div>\n\t\t\t\t\t<\/div>\n\t\t<\/section>\n\t\t\t\t<section class=\"elementor-section elementor-top-section elementor-element elementor-element-1df0654 elementor-section-boxed elementor-section-height-default elementor-section-height-default\" data-id=\"1df0654\" data-element_type=\"section\">\n\t\t\t\t\t\t<div class=\"elementor-container elementor-column-gap-default\">\n\t\t\t\t\t\t\t<div class=\"elementor-row\">\n\t\t\t\t\t<div class=\"elementor-column elementor-col-50 elementor-top-column elementor-element elementor-element-be66dd6\" data-id=\"be66dd6\" data-element_type=\"column\">\n\t\t\t<div class=\"elementor-column-wrap elementor-element-populated\">\n\t\t\t\t\t\t\t<div class=\"elementor-widget-wrap\">\n\t\t\t\t\t\t<div class=\"elementor-element elementor-element-f1c6d6a elementor-widget elementor-widget-image\" data-id=\"f1c6d6a\" data-element_type=\"widget\" data-widget_type=\"image.default\">\n\t\t\t\t<div class=\"elementor-widget-container\">\n\t\t\t\t\t<div class=\"elementor-image\">\n\t\t\t\t\t\t\t\t\t\t<img width=\"450\" height=\"315\" src=\"https:\/\/bemnascer.pt\/wp-content\/uploads\/2020\/11\/13096040_1579734075689338_5752283130653332276_n.jpg\" class=\"attachment-large size-large\" alt=\"\" loading=\"lazy\" srcset=\"https:\/\/bemnascer.pt\/wp-content\/uploads\/2020\/11\/13096040_1579734075689338_5752283130653332276_n.jpg 450w, https:\/\/bemnascer.pt\/wp-content\/uploads\/2020\/11\/13096040_1579734075689338_5752283130653332276_n-300x210.jpg 300w\" sizes=\"(max-width: 450px) 100vw, 450px\" \/>\t\t\t\t\t\t\t\t\t\t\t<\/div>\n\t\t\t\t<\/div>\n\t\t\t\t<\/div>\n\t\t\t\t\t\t<\/div>\n\t\t\t\t\t<\/div>\n\t\t<\/div>\n\t\t\t\t<div class=\"elementor-column elementor-col-50 elementor-top-column elementor-element elementor-element-aaecafc\" data-id=\"aaecafc\" data-element_type=\"column\" data-settings=\"{&quot;background_background&quot;:&quot;classic&quot;}\">\n\t\t\t<div class=\"elementor-column-wrap elementor-element-populated\">\n\t\t\t\t\t\t\t<div class=\"elementor-widget-wrap\">\n\t\t\t\t\t\t<div class=\"elementor-element elementor-element-bd3709c elementor-widget elementor-widget-heading\" data-id=\"bd3709c\" data-element_type=\"widget\" data-widget_type=\"heading.default\">\n\t\t\t\t<div class=\"elementor-widget-container\">\n\t\t\t<h3 class=\"elementor-heading-title elementor-size-default\">Belly Bem Nascer<\/h3>\t\t<\/div>\n\t\t\t\t<\/div>\n\t\t\t\t<div class=\"elementor-element elementor-element-953c630 elementor-widget elementor-widget-text-editor\" data-id=\"953c630\" data-element_type=\"widget\" data-widget_type=\"text-editor.default\">\n\t\t\t\t<div class=\"elementor-widget-container\">\n\t\t\t\t\t<div class=\"elementor-text-editor elementor-clearfix\"><p>Fa\u00e7a connosco um molde em gesso da sua barriga e decore-a com um toque pessoal.<\/p><p>A recorda\u00e7\u00e3o perfeita da sua gravidez!<\/p><\/div>\n\t\t\t\t<\/div>\n\t\t\t\t<\/div>\n\t\t\t\t\t\t<\/div>\n\t\t\t\t\t<\/div>\n\t\t<\/div>\n\t\t\t\t\t\t\t\t<\/div>\n\t\t\t\t\t<\/div>\n\t\t<\/section>\n\t\t\t\t<section class=\"elementor-section elementor-top-section elementor-element elementor-element-087c353 elementor-section-boxed elementor-section-height-default elementor-section-height-default\" data-id=\"087c353\" data-element_type=\"section\">\n\t\t\t\t\t\t<div class=\"elementor-container elementor-column-gap-default\">\n\t\t\t\t\t\t\t<div class=\"elementor-row\">\n\t\t\t\t\t<div class=\"elementor-column elementor-col-100 elementor-top-column elementor-element elementor-element-4f49507\" data-id=\"4f49507\" data-element_type=\"column\">\n\t\t\t<div class=\"elementor-column-wrap elementor-element-populated\">\n\t\t\t\t\t\t\t<div class=\"elementor-widget-wrap\">\n\t\t\t\t\t\t<div class=\"elementor-element elementor-element-0512e08 elementor-widget elementor-widget-spacer\" data-id=\"0512e08\" data-element_type=\"widget\" data-widget_type=\"spacer.default\">\n\t\t\t\t<div class=\"elementor-widget-container\">\n\t\t\t\t\t<div class=\"elementor-spacer\">\n\t\t\t<div class=\"elementor-spacer-inner\"><\/div>\n\t\t<\/div>\n\t\t\t\t<\/div>\n\t\t\t\t<\/div>\n\t\t\t\t\t\t<\/div>\n\t\t\t\t\t<\/div>\n\t\t<\/div>\n\t\t\t\t\t\t\t\t<\/div>\n\t\t\t\t\t<\/div>\n\t\t<\/section>\n\t\t\t\t\t\t<\/div>\n\t\t\t\t\t\t<\/div>\n\t\t\t\t\t<\/div>\n\t\t","protected":false},"excerpt":{"rendered":"<p>Pr\u00e9 Parto Prepara\u00e7\u00e3o para o parto e parentalidade Os cursos de prepara\u00e7\u00e3o para o parto e parentalidade pretendem preparar o casal para o momento do parto melhorando a sua qualidade de vida Exerc\u00edcio f\u00edsico na gravidez Estar gr\u00e1vida n\u00e3o pode, nem deve ser sinonimo de estar inativa. O exerc\u00edcio f\u00edsico \u00e9 ben\u00e9fico em todas as &hellip;<\/p>\n<p class=\"read-more\"> <a class=\"\" href=\"https:\/\/bemnascer.pt\/?page_id=846\"> <span class=\"screen-reader-text\">Pr\u00e9 Parto<\/span> Read More &raquo;<\/a><\/p>\n","protected":false},"author":2,"featured_media":0,"parent":0,"menu_order":0,"comment_status":"closed","ping_status":"closed","template":"","meta":[],"yoast_head":"<!-- This site is optimized with the Yoast SEO plugin v15.3 - https:\/\/yoast.com\/wordpress\/plugins\/seo\/ -->\n<title>Pr\u00e9 Parto - Bem Nascer<\/title>\n<meta name=\"robots\" content=\"index, follow, max-snippet:-1, max-image-preview:large, max-video-preview:-1\" \/>\n<link rel=\"canonical\" href=\"https:\/\/bemnascer.pt\/?page_id=846\" \/>\n<meta property=\"og:locale\" content=\"pt_PT\" \/>\n<meta property=\"og:type\" content=\"article\" \/>\n<meta property=\"og:title\" content=\"Pr\u00e9 Parto - Bem Nascer\" \/>\n<meta property=\"og:description\" content=\"Pr\u00e9 Parto Prepara\u00e7\u00e3o para o parto e parentalidade Os cursos de prepara\u00e7\u00e3o para o parto e parentalidade pretendem preparar o casal para o momento do parto melhorando a sua qualidade de vida Exerc\u00edcio f\u00edsico na gravidez Estar gr\u00e1vida n\u00e3o pode, nem deve ser sinonimo de estar inativa. O exerc\u00edcio f\u00edsico \u00e9 ben\u00e9fico em todas as &hellip; Pr\u00e9 Parto Read More &raquo;\" \/>\n<meta property=\"og:url\" content=\"https:\/\/bemnascer.pt\/?page_id=846\" \/>\n<meta property=\"og:site_name\" content=\"Bem Nascer\" \/>\n<meta property=\"article:publisher\" content=\"https:\/\/www.facebook.com\/bemnascersantarem\" \/>\n<meta property=\"article:modified_time\" content=\"2021-02-16T00:54:33+00:00\" \/>\n<meta property=\"og:image\" content=\"https:\/\/bemnascer.pt\/wp-content\/uploads\/2020\/11\/shutterstock_65531599.jpg\" \/>\n<meta name=\"twitter:card\" content=\"summary_large_image\" \/>\n<meta name=\"twitter:label1\" content=\"Written by\">\n\t<meta name=\"twitter:data1\" content=\"Ana Violante\">\n\t<meta name=\"twitter:label2\" content=\"Est. reading time\">\n\t<meta name=\"twitter:data2\" content=\"0 minutos\">\n<script type=\"application\/ld+json\" class=\"yoast-schema-graph\">{\"@context\":\"https:\/\/schema.org\",\"@graph\":[{\"@type\":\"Organization\",\"@id\":\"https:\/\/bemnascer.pt\/#organization\",\"name\":\"Bem Nascer\",\"url\":\"https:\/\/bemnascer.pt\/\",\"sameAs\":[\"https:\/\/www.facebook.com\/bemnascersantarem\",\"https:\/\/www.instagram.com\/bemnascer_str\/\"],\"logo\":{\"@type\":\"ImageObject\",\"@id\":\"https:\/\/bemnascer.pt\/#logo\",\"inLanguage\":\"pt-PT\",\"url\":\"https:\/\/bemnascer.pt\/wp-content\/uploads\/2020\/10\/logo-e1603372835884.png\",\"width\":1000,\"height\":627,\"caption\":\"Bem Nascer\"},\"image\":{\"@id\":\"https:\/\/bemnascer.pt\/#logo\"}},{\"@type\":\"WebSite\",\"@id\":\"https:\/\/bemnascer.pt\/#website\",\"url\":\"https:\/\/bemnascer.pt\/\",\"name\":\"Bem Nascer\",\"description\":\"prepara\\u00e7\\u00e3o para o nascimento e parentalidade\",\"publisher\":{\"@id\":\"https:\/\/bemnascer.pt\/#organization\"},\"potentialAction\":[{\"@type\":\"SearchAction\",\"target\":\"https:\/\/bemnascer.pt\/?s={search_term_string}\",\"query-input\":\"required name=search_term_string\"}],\"inLanguage\":\"pt-PT\"},{\"@type\":\"ImageObject\",\"@id\":\"https:\/\/bemnascer.pt\/?page_id=846#primaryimage\",\"inLanguage\":\"pt-PT\",\"url\":\"https:\/\/bemnascer.pt\/wp-content\/uploads\/2020\/11\/shutterstock_65531599.jpg\",\"width\":1000,\"height\":667},{\"@type\":\"WebPage\",\"@id\":\"https:\/\/bemnascer.pt\/?page_id=846#webpage\",\"url\":\"https:\/\/bemnascer.pt\/?page_id=846\",\"name\":\"Pr\\u00e9 Parto - Bem Nascer\",\"isPartOf\":{\"@id\":\"https:\/\/bemnascer.pt\/#website\"},\"primaryImageOfPage\":{\"@id\":\"https:\/\/bemnascer.pt\/?page_id=846#primaryimage\"},\"datePublished\":\"2020-11-08T12:28:47+00:00\",\"dateModified\":\"2021-02-16T00:54:33+00:00\",\"inLanguage\":\"pt-PT\",\"potentialAction\":[{\"@type\":\"ReadAction\",\"target\":[\"https:\/\/bemnascer.pt\/?page_id=846\"]}]}]}<\/script>\n<!-- \/ Yoast SEO plugin. -->","_links":{"self":[{"href":"https:\/\/bemnascer.pt\/index.php?rest_route=\/wp\/v2\/pages\/846"}],"collection":[{"href":"https:\/\/bemnascer.pt\/index.php?rest_route=\/wp\/v2\/pages"}],"about":[{"href":"https:\/\/bemnascer.pt\/index.php?rest_route=\/wp\/v2\/types\/page"}],"author":[{"embeddable":true,"href":"https:\/\/bemnascer.pt\/index.php?rest_route=\/wp\/v2\/users\/2"}],"replies":[{"embeddable":true,"href":"https:\/\/bemnascer.pt\/index.php?rest_route=%2Fwp%2Fv2%2Fcomments&post=846"}],"version-history":[{"count":78,"href":"https:\/\/bemnascer.pt\/index.php?rest_route=\/wp\/v2\/pages\/846\/revisions"}],"predecessor-version":[{"id":2227,"href":"https:\/\/bemnascer.pt\/index.php?rest_route=\/wp\/v2\/pages\/846\/revisions\/2227"}],"wp:attachment":[{"href":"https:\/\/bemnascer.pt\/index.php?rest_route=%2Fwp%2Fv2%2Fmedia&parent=846"}],"curies":[{"name":"wp","href":"https:\/\/api.w.org\/{rel}","templated":true}]}}