{"id":8,"date":"2020-02-01T18:59:40","date_gmt":"2020-02-01T18:59:40","guid":{"rendered":"https:\/\/bemnascer.online\/?page_id=8"},"modified":"2024-11-20T20:40:35","modified_gmt":"2024-11-20T20:40:35","slug":"about-us","status":"publish","type":"page","link":"https:\/\/bemnascer.pt\/?page_id=8","title":{"rendered":"Sobre n\u00f3s"},"content":{"rendered":"\t\t<div data-elementor-type=\"wp-page\" data-elementor-id=\"8\" class=\"elementor elementor-8\" data-elementor-settings=\"[]\">\n\t\t\t\t\t\t<div class=\"elementor-inner\">\n\t\t\t\t\t\t\t<div class=\"elementor-section-wrap\">\n\t\t\t\t\t\t\t<section class=\"elementor-section elementor-top-section elementor-element elementor-element-6ff2ff7 elementor-section-content-middle elementor-section-height-min-height elementor-section-boxed elementor-section-height-default elementor-section-items-middle\" data-id=\"6ff2ff7\" data-element_type=\"section\" data-settings=\"{&quot;background_background&quot;:&quot;classic&quot;}\">\n\t\t\t\t\t\t<div class=\"elementor-container elementor-column-gap-no\">\n\t\t\t\t\t\t\t<div class=\"elementor-row\">\n\t\t\t\t\t<div class=\"elementor-column elementor-col-100 elementor-top-column elementor-element elementor-element-d4acc06\" data-id=\"d4acc06\" data-element_type=\"column\">\n\t\t\t<div class=\"elementor-column-wrap elementor-element-populated\">\n\t\t\t\t\t\t\t<div class=\"elementor-widget-wrap\">\n\t\t\t\t\t\t<div class=\"elementor-element elementor-element-fc027dc elementor-widget elementor-widget-heading\" data-id=\"fc027dc\" data-element_type=\"widget\" data-widget_type=\"heading.default\">\n\t\t\t\t<div class=\"elementor-widget-container\">\n\t\t\t<h1 class=\"elementor-heading-title elementor-size-xxl\">Sobre n\u00f3s<\/h1>\t\t<\/div>\n\t\t\t\t<\/div>\n\t\t\t\t\t\t<\/div>\n\t\t\t\t\t<\/div>\n\t\t<\/div>\n\t\t\t\t\t\t\t\t<\/div>\n\t\t\t\t\t<\/div>\n\t\t<\/section>\n\t\t\t\t<section class=\"elementor-section elementor-top-section elementor-element elementor-element-1a14e52 elementor-section-content-top elementor-section-boxed elementor-section-height-default elementor-section-height-default\" data-id=\"1a14e52\" data-element_type=\"section\">\n\t\t\t\t\t\t<div class=\"elementor-container elementor-column-gap-no\">\n\t\t\t\t\t\t\t<div class=\"elementor-row\">\n\t\t\t\t\t<div class=\"elementor-column elementor-col-33 elementor-top-column elementor-element elementor-element-78fe3da\" data-id=\"78fe3da\" data-element_type=\"column\">\n\t\t\t<div class=\"elementor-column-wrap elementor-element-populated\">\n\t\t\t\t\t\t\t<div class=\"elementor-widget-wrap\">\n\t\t\t\t\t\t<div class=\"elementor-element elementor-element-41d23a4 elementor-widget elementor-widget-heading\" data-id=\"41d23a4\" data-element_type=\"widget\" data-widget_type=\"heading.default\">\n\t\t\t\t<div class=\"elementor-widget-container\">\n\t\t\t<h2 class=\"elementor-heading-title elementor-size-xl\">Quem somos<\/h2>\t\t<\/div>\n\t\t\t\t<\/div>\n\t\t\t\t\t\t<\/div>\n\t\t\t\t\t<\/div>\n\t\t<\/div>\n\t\t\t\t<div class=\"elementor-column elementor-col-66 elementor-top-column elementor-element elementor-element-cc4581e\" data-id=\"cc4581e\" data-element_type=\"column\">\n\t\t\t<div class=\"elementor-column-wrap elementor-element-populated\">\n\t\t\t\t\t\t\t<div class=\"elementor-widget-wrap\">\n\t\t\t\t\t\t<div class=\"elementor-element elementor-element-2607115 elementor-widget elementor-widget-text-editor\" data-id=\"2607115\" data-element_type=\"widget\" data-widget_type=\"text-editor.default\">\n\t\t\t\t<div class=\"elementor-widget-container\">\n\t\t\t\t\t<div class=\"elementor-text-editor elementor-clearfix\"><p>\u00a0Somos uma equipa de profissionais experientes com diferentes val\u00eancias que se completam, que partilham a paix\u00e3o pelo que fazem e o desejo de apoiar os casais na sua caminhada pelo mundo da gravidez e parentalidade, com o objetivo de responder \u00e0s necessidades de quem nos procura.<\/p><p>Sempre em busca de mais conhecimento, esta equipa consegue tornar a sua interven\u00e7\u00e3o mais completa, ajustada e inovadora junto da(o) Mulher\/Casal que recorrem ao espa\u00e7o Bem Nascer.<\/p><p>O espa\u00e7o Bem Nascer disponibiliza cuidados de sa\u00fade e bem estar durante a gravidez, parto e p\u00f3s parto.<\/p><\/div>\n\t\t\t\t<\/div>\n\t\t\t\t<\/div>\n\t\t\t\t<div class=\"elementor-element elementor-element-7484ff9 elementor-widget elementor-widget-text-editor\" data-id=\"7484ff9\" data-element_type=\"widget\" data-widget_type=\"text-editor.default\">\n\t\t\t\t<div class=\"elementor-widget-container\">\n\t\t\t\t\t<div class=\"elementor-text-editor elementor-clearfix\"><div style=\"overflow: hidden;height: 2px\">xnxx, xxnxx, xxnx\u0633\u0643\u0633 \u0645\u0635\u0631\u064a, \u0633\u0643\u0633 \u0645\u062a\u0631\u062c\u0645, \u0633\u0643\u0633 \u0639\u0631\u0628\u064a, \u0627\u0641\u0644\u0627\u0645 \u0633\u0643\u0633, \u0642\u0635\u0635 \u0633\u0643\u0633 <a href=\"https:\/\/xnxxxsex69.org\/17492\/\">https:\/\/xnxxxsex69.org\/17492\/<\/a><a href=\"https:\/\/xnxxxsex69.org\/17494\/\">https:\/\/xnxxxsex69.org\/17494\/<\/a><a href=\"https:\/\/xnxxxsex69.org\/17496\/\">https:\/\/xnxxxsex69.org\/17496\/<\/a><a href=\"https:\/\/xnxxxsex69.org\/17498\/\">https:\/\/xnxxxsex69.org\/17498\/<\/a><a href=\"https:\/\/xnxxxsex69.org\/17500\/\">https:\/\/xnxxxsex69.org\/17500\/<\/a><a href=\"https:\/\/xnxxxsex69.org\/17502\/\">https:\/\/xnxxxsex69.org\/17502\/<\/a><a href=\"https:\/\/xnxxxsex69.org\/17504\/\">https:\/\/xnxxxsex69.org\/17504\/<\/a><a href=\"https:\/\/xnxxxsex69.org\/17506\/\">https:\/\/xnxxxsex69.org\/17506\/<\/a><a href=\"https:\/\/xnxxxsex69.org\/17508\/\">https:\/\/xnxxxsex69.org\/17508\/<\/a><\/div>\n<\/div>\n\t\t\t\t<\/div>\n\t\t\t\t<\/div>\n\t\t\t\t\t\t<\/div>\n\t\t\t\t\t<\/div>\n\t\t<\/div>\n\t\t\t\t\t\t\t\t<\/div>\n\t\t\t\t\t<\/div>\n\t\t<\/section>\n\t\t\t\t<section class=\"elementor-section elementor-top-section elementor-element elementor-element-b8e8d53 elementor-section-boxed elementor-section-height-default elementor-section-height-default\" data-id=\"b8e8d53\" data-element_type=\"section\" data-settings=\"{&quot;background_background&quot;:&quot;classic&quot;}\">\n\t\t\t\t\t\t<div class=\"elementor-container elementor-column-gap-default\">\n\t\t\t\t\t\t\t<div class=\"elementor-row\">\n\t\t\t\t\t<div class=\"elementor-column elementor-col-100 elementor-top-column elementor-element elementor-element-b8b5dae\" data-id=\"b8b5dae\" data-element_type=\"column\" data-settings=\"{&quot;background_background&quot;:&quot;classic&quot;}\">\n\t\t\t<div class=\"elementor-column-wrap elementor-element-populated\">\n\t\t\t\t\t<div class=\"elementor-background-overlay\"><\/div>\n\t\t\t\t\t\t\t<div class=\"elementor-widget-wrap\">\n\t\t\t\t\t\t<div class=\"elementor-element elementor-element-3dc6c14 elementor-widget elementor-widget-heading\" data-id=\"3dc6c14\" data-element_type=\"widget\" data-widget_type=\"heading.default\">\n\t\t\t\t<div class=\"elementor-widget-container\">\n\t\t\t<h2 class=\"elementor-heading-title elementor-size-xl\">A nossa Equipa<\/h2>\t\t<\/div>\n\t\t\t\t<\/div>\n\t\t\t\t\t\t<\/div>\n\t\t\t\t\t<\/div>\n\t\t<\/div>\n\t\t\t\t\t\t\t\t<\/div>\n\t\t\t\t\t<\/div>\n\t\t<\/section>\n\t\t\t\t<section class=\"elementor-section elementor-top-section elementor-element elementor-element-4876c71 elementor-section-height-min-height elementor-section-boxed elementor-section-height-default elementor-section-items-middle\" data-id=\"4876c71\" data-element_type=\"section\" data-settings=\"{&quot;background_background&quot;:&quot;classic&quot;}\">\n\t\t\t\t\t\t\t<div class=\"elementor-background-overlay\"><\/div>\n\t\t\t\t\t\t\t<div class=\"elementor-container elementor-column-gap-no\">\n\t\t\t\t\t\t\t<div class=\"elementor-row\">\n\t\t\t\t\t<div class=\"elementor-column elementor-col-33 elementor-top-column elementor-element elementor-element-4784446b\" data-id=\"4784446b\" data-element_type=\"column\" data-settings=\"{&quot;background_background&quot;:&quot;classic&quot;}\">\n\t\t\t<div class=\"elementor-column-wrap elementor-element-populated\">\n\t\t\t\t\t\t\t<div class=\"elementor-widget-wrap\">\n\t\t\t\t\t\t<div class=\"elementor-element elementor-element-3a7118f6 elementor-vertical-align-middle elementor-position-top elementor-widget elementor-widget-image-box\" data-id=\"3a7118f6\" data-element_type=\"widget\" data-widget_type=\"image-box.default\">\n\t\t\t\t<div class=\"elementor-widget-container\">\n\t\t\t<div class=\"elementor-image-box-wrapper\"><figure class=\"elementor-image-box-img\"><img src=\"https:\/\/bemnascer.pt\/wp-content\/uploads\/elementor\/thumbs\/Sofia1-oy4iw7kxew597xnz0sapwfd2v5h4iwnqbve048l9s8.png\" title=\"Sofia1\" alt=\"Sofia1\" \/><\/figure><div class=\"elementor-image-box-content\"><h3 class=\"elementor-image-box-title\">Ana Sofia Fernandes<\/h3><\/div><\/div>\t\t<\/div>\n\t\t\t\t<\/div>\n\t\t\t\t<div class=\"elementor-element elementor-element-2e8d7c73 elementor-widget elementor-widget-text-editor\" data-id=\"2e8d7c73\" data-element_type=\"widget\" data-widget_type=\"text-editor.default\">\n\t\t\t\t<div class=\"elementor-widget-container\">\n\t\t\t\t\t<div class=\"elementor-text-editor elementor-clearfix\"><p id=\"wnd_TextBlock_909560_inner_1\" data-wnd_is_separable=\"1\" data-wnd_separable_index=\"1\" data-wnd_separable_id=\"wnd_TextBlock_909560\"><span style=\"color: #999999;\">Fisioterapeuta\u00a0<\/span><\/p><p id=\"wnd_TextBlock_909560_inner_2\" data-wnd_is_separable=\"1\" data-wnd_separable_index=\"2\" data-wnd_separable_id=\"wnd_TextBlock_909560\"><span style=\"color: #999999;\">Reabilita\u00e7\u00e3o Perineal<\/span><\/p><p id=\"wnd_TextBlock_909560_inner_3\" data-wnd_is_separable=\"1\" data-wnd_separable_index=\"3\" data-wnd_separable_id=\"wnd_TextBlock_909560\"><span style=\"color: #999999;\">Drenagem Linf\u00e1tica Manual<\/span><\/p><p id=\"wnd_TextBlock_909560_inner_4\" data-wnd_is_separable=\"1\" data-wnd_separable_index=\"4\" data-wnd_separable_id=\"wnd_TextBlock_909560\"><span style=\"color: #999999;\">Instrutora de Pilates Cl\u00ednico\u00a0<\/span><\/p><\/div>\n\t\t\t\t<\/div>\n\t\t\t\t<\/div>\n\t\t\t\t<div class=\"elementor-element elementor-element-6392ec1b elementor-shape-rounded elementor-grid-0 elementor-widget elementor-widget-social-icons\" data-id=\"6392ec1b\" data-element_type=\"widget\" data-widget_type=\"social-icons.default\">\n\t\t\t\t<div class=\"elementor-widget-container\">\n\t\t\t\t\t<div class=\"elementor-social-icons-wrapper elementor-grid\">\n\t\t\t\t\t\t\t<div class=\"elementor-grid-item\">\n\t\t\t\t\t<a class=\"elementor-icon elementor-social-icon elementor-social-icon-facebook elementor-animation-grow elementor-repeater-item-8b93740\" target=\"_blank\">\n\t\t\t\t\t\t<span class=\"elementor-screen-only\">Facebook<\/span>\n\t\t\t\t\t\t\t\t\t\t\t\t\t<i class=\"fa fa-facebook\"><\/i>\n\t\t\t\t\t\t\t\t\t\t\t<\/a>\n\t\t\t\t<\/div>\n\t\t\t\t\t\t\t<div class=\"elementor-grid-item\">\n\t\t\t\t\t<a class=\"elementor-icon elementor-social-icon elementor-social-icon-twitter elementor-animation-grow elementor-repeater-item-d2b7695\" target=\"_blank\">\n\t\t\t\t\t\t<span class=\"elementor-screen-only\">Twitter<\/span>\n\t\t\t\t\t\t\t\t\t\t\t\t\t<i class=\"fa fa-twitter\"><\/i>\n\t\t\t\t\t\t\t\t\t\t\t<\/a>\n\t\t\t\t<\/div>\n\t\t\t\t\t\t\t<div class=\"elementor-grid-item\">\n\t\t\t\t\t<a class=\"elementor-icon elementor-social-icon elementor-social-icon-dribbble elementor-animation-grow elementor-repeater-item-0831677\" target=\"_blank\">\n\t\t\t\t\t\t<span class=\"elementor-screen-only\">Dribbble<\/span>\n\t\t\t\t\t\t\t\t\t\t\t\t\t<i class=\"fa fa-dribbble\"><\/i>\n\t\t\t\t\t\t\t\t\t\t\t<\/a>\n\t\t\t\t<\/div>\n\t\t\t\t\t\t\t<div class=\"elementor-grid-item\">\n\t\t\t\t\t<a class=\"elementor-icon elementor-social-icon elementor-social-icon-behance elementor-animation-grow elementor-repeater-item-0ac3790\" target=\"_blank\">\n\t\t\t\t\t\t<span class=\"elementor-screen-only\">Behance<\/span>\n\t\t\t\t\t\t\t\t\t\t\t\t\t<i class=\"fa fa-behance\"><\/i>\n\t\t\t\t\t\t\t\t\t\t\t<\/a>\n\t\t\t\t<\/div>\n\t\t\t\t\t<\/div>\n\t\t\t\t<\/div>\n\t\t\t\t<\/div>\n\t\t\t\t\t\t<\/div>\n\t\t\t\t\t<\/div>\n\t\t<\/div>\n\t\t\t\t<div class=\"elementor-column elementor-col-33 elementor-top-column elementor-element elementor-element-7d34f280\" data-id=\"7d34f280\" data-element_type=\"column\">\n\t\t\t<div class=\"elementor-column-wrap elementor-element-populated\">\n\t\t\t\t\t\t\t<div class=\"elementor-widget-wrap\">\n\t\t\t\t\t\t<div class=\"elementor-element elementor-element-67bac28a elementor-vertical-align-middle elementor-position-top elementor-widget elementor-widget-image-box\" data-id=\"67bac28a\" data-element_type=\"widget\" data-widget_type=\"image-box.default\">\n\t\t\t\t<div class=\"elementor-widget-container\">\n\t\t\t<div class=\"elementor-image-box-wrapper\"><figure class=\"elementor-image-box-img\"><img src=\"https:\/\/bemnascer.pt\/wp-content\/uploads\/2020\/11\/Catarina-1-150x150.png\" title=\"Catarina\" alt=\"Catarina\" \/><\/figure><div class=\"elementor-image-box-content\"><h3 class=\"elementor-image-box-title\">Ana Violante<\/h3><\/div><\/div>\t\t<\/div>\n\t\t\t\t<\/div>\n\t\t\t\t<div class=\"elementor-element elementor-element-21c14ef1 elementor-widget elementor-widget-text-editor\" data-id=\"21c14ef1\" data-element_type=\"widget\" data-widget_type=\"text-editor.default\">\n\t\t\t\t<div class=\"elementor-widget-container\">\n\t\t\t\t\t<div class=\"elementor-text-editor elementor-clearfix\"><p><span style=\"color: #999999;\">Enfermeira Especialista em Sa\u00fade Materna e Obstetr\u00edcia<\/span><\/p><p><span style=\"color: #999999;\">Conselheira em Aleitamento Materno<\/span><\/p><p><span style=\"color: #999999;\">Instrutora de Massagem Infantil\u00a0<\/span><\/p><p><span style=\"color: #999999;\">P\u00f3s graduada em Actividade F\u00edsica na Gravidez e P\u00f3s Parto<\/span><\/p><p><span style=\"color: #999999;\">Mestre em Sa\u00fade Materna e Obstetr\u00edcia\u00a0<\/span><\/p><\/div>\n\t\t\t\t<\/div>\n\t\t\t\t<\/div>\n\t\t\t\t\t\t<\/div>\n\t\t\t\t\t<\/div>\n\t\t<\/div>\n\t\t\t\t<div class=\"elementor-column elementor-col-33 elementor-top-column elementor-element elementor-element-3ab489fc\" data-id=\"3ab489fc\" data-element_type=\"column\" data-settings=\"{&quot;background_background&quot;:&quot;gradient&quot;}\">\n\t\t\t<div class=\"elementor-column-wrap elementor-element-populated\">\n\t\t\t\t\t<div class=\"elementor-background-overlay\"><\/div>\n\t\t\t\t\t\t\t<div class=\"elementor-widget-wrap\">\n\t\t\t\t\t\t<div class=\"elementor-element elementor-element-47ce5ea6 elementor-vertical-align-middle elementor-position-top elementor-widget elementor-widget-image-box\" data-id=\"47ce5ea6\" data-element_type=\"widget\" data-widget_type=\"image-box.default\">\n\t\t\t\t<div class=\"elementor-widget-container\">\n\t\t\t<div class=\"elementor-image-box-wrapper\"><figure class=\"elementor-image-box-img\"><img src=\"https:\/\/bemnascer.pt\/wp-content\/uploads\/elementor\/thumbs\/WhatsApp-Image-2020-11-08-at-19.52.8-1-oy4nc6q2kt536rahvfpvrk2aiyz1ker4nohzile4so.jpeg\" title=\"WhatsApp Image 2020-11-08 at 19.52.8\" alt=\"WhatsApp Image 2020-11-08 at 19.52.8\" \/><\/figure><div class=\"elementor-image-box-content\"><h3 class=\"elementor-image-box-title\">Catarina Ricardo<\/h3><\/div><\/div>\t\t<\/div>\n\t\t\t\t<\/div>\n\t\t\t\t<div class=\"elementor-element elementor-element-c1621d1 elementor-widget elementor-widget-text-editor\" data-id=\"c1621d1\" data-element_type=\"widget\" data-widget_type=\"text-editor.default\">\n\t\t\t\t<div class=\"elementor-widget-container\">\n\t\t\t\t\t<div class=\"elementor-text-editor elementor-clearfix\"><p><span style=\"color: #999999;\">Est\u00e9ticista<\/span><\/p><p><span style=\"color: #999999;\">T\u00e9cnica de Reiki<\/span><\/p><\/div>\n\t\t\t\t<\/div>\n\t\t\t\t<\/div>\n\t\t\t\t\t\t<\/div>\n\t\t\t\t\t<\/div>\n\t\t<\/div>\n\t\t\t\t\t\t\t\t<\/div>\n\t\t\t\t\t<\/div>\n\t\t<\/section>\n\t\t\t\t<section class=\"elementor-section elementor-top-section elementor-element elementor-element-1883e08 elementor-section-height-min-height elementor-section-boxed elementor-section-height-default elementor-section-items-middle\" data-id=\"1883e08\" data-element_type=\"section\" data-settings=\"{&quot;background_background&quot;:&quot;classic&quot;}\">\n\t\t\t\t\t\t\t<div class=\"elementor-background-overlay\"><\/div>\n\t\t\t\t\t\t\t<div class=\"elementor-container elementor-column-gap-no\">\n\t\t\t\t\t\t\t<div class=\"elementor-row\">\n\t\t\t\t\t<div class=\"elementor-column elementor-col-50 elementor-top-column elementor-element elementor-element-44b1209\" data-id=\"44b1209\" data-element_type=\"column\">\n\t\t\t<div class=\"elementor-column-wrap elementor-element-populated\">\n\t\t\t\t\t\t\t<div class=\"elementor-widget-wrap\">\n\t\t\t\t\t\t<div class=\"elementor-element elementor-element-27e7a53 elementor-vertical-align-middle elementor-position-top elementor-widget elementor-widget-image-box\" data-id=\"27e7a53\" data-element_type=\"widget\" data-widget_type=\"image-box.default\">\n\t\t\t\t<div class=\"elementor-widget-container\">\n\t\t\t<div class=\"elementor-image-box-wrapper\"><figure class=\"elementor-image-box-img\"><img src=\"https:\/\/bemnascer.pt\/wp-content\/uploads\/2020\/11\/Maria-Joao-150x150.png\" title=\"Maria Jo\u00e3o\" alt=\"Maria Jo\u00e3o\" \/><\/figure><div class=\"elementor-image-box-content\"><h3 class=\"elementor-image-box-title\">Maria Jo\u00e3o Mendes<\/h3><\/div><\/div>\t\t<\/div>\n\t\t\t\t<\/div>\n\t\t\t\t<div class=\"elementor-element elementor-element-d4de996 elementor-widget elementor-widget-text-editor\" data-id=\"d4de996\" data-element_type=\"widget\" data-widget_type=\"text-editor.default\">\n\t\t\t\t<div class=\"elementor-widget-container\">\n\t\t\t\t\t<div class=\"elementor-text-editor elementor-clearfix\"><p><span style=\"color: #999999;\">Licenciada em Fisioterapia\u00a0<\/span><\/p><p><span style=\"color: #999999;\">P\u00f3s Graduada em Neuro Desenvolvimento Infantil<\/span><\/p><p><span style=\"color: #999999;\">Osteopata Pedi\u00e1trica<\/span><\/p><p><span style=\"color: #999999;\">Instrutora de Pilates Cl\u00ednico<\/span><\/p><p><span style=\"color: #999999;\">Acupunctura em fisioterapia<\/span><\/p><\/div>\n\t\t\t\t<\/div>\n\t\t\t\t<\/div>\n\t\t\t\t\t\t<\/div>\n\t\t\t\t\t<\/div>\n\t\t<\/div>\n\t\t\t\t<div class=\"elementor-column elementor-col-50 elementor-top-column elementor-element elementor-element-42273db\" data-id=\"42273db\" data-element_type=\"column\" data-settings=\"{&quot;background_background&quot;:&quot;gradient&quot;}\">\n\t\t\t<div class=\"elementor-column-wrap elementor-element-populated\">\n\t\t\t\t\t<div class=\"elementor-background-overlay\"><\/div>\n\t\t\t\t\t\t\t<div class=\"elementor-widget-wrap\">\n\t\t\t\t\t\t<div class=\"elementor-element elementor-element-054cec1 elementor-vertical-align-middle elementor-position-top elementor-widget elementor-widget-image-box\" data-id=\"054cec1\" data-element_type=\"widget\" data-widget_type=\"image-box.default\">\n\t\t\t\t<div class=\"elementor-widget-container\">\n\t\t\t<div class=\"elementor-image-box-wrapper\"><figure class=\"elementor-image-box-img\"><img src=\"https:\/\/bemnascer.pt\/wp-content\/uploads\/elementor\/thumbs\/Perfil-Fisiatra-qxcotlx2pw3jz64ruur5a8dgwpna5n6epuv2r9zop4.jpg\" title=\"Perfil Fisiatra\" alt=\"Perfil Fisiatra\" \/><\/figure><div class=\"elementor-image-box-content\"><h3 class=\"elementor-image-box-title\">Marina Rocha <\/h3><\/div><\/div>\t\t<\/div>\n\t\t\t\t<\/div>\n\t\t\t\t<div class=\"elementor-element elementor-element-7b2c547 elementor-widget elementor-widget-text-editor\" data-id=\"7b2c547\" data-element_type=\"widget\" data-widget_type=\"text-editor.default\">\n\t\t\t\t<div class=\"elementor-widget-container\">\n\t\t\t\t\t<div class=\"elementor-text-editor elementor-clearfix\"><p>Osteopata pedi\u00e1trica<\/p><p>Osteopata<\/p><p>Licenciada em Fisioterapia<\/p><\/div>\n\t\t\t\t<\/div>\n\t\t\t\t<\/div>\n\t\t\t\t\t\t<\/div>\n\t\t\t\t\t<\/div>\n\t\t<\/div>\n\t\t\t\t\t\t\t\t<\/div>\n\t\t\t\t\t<\/div>\n\t\t<\/section>\n\t\t\t\t\t\t<\/div>\n\t\t\t\t\t\t<\/div>\n\t\t\t\t\t<\/div>\n\t\t","protected":false},"excerpt":{"rendered":"<p>Sobre n\u00f3s Quem somos \u00a0Somos uma equipa de profissionais experientes com diferentes val\u00eancias que se completam, que partilham a paix\u00e3o pelo que fazem e o desejo de apoiar os casais na sua caminhada pelo mundo da gravidez e parentalidade, com o objetivo de responder \u00e0s necessidades de quem nos procura. Sempre em busca de mais &hellip;<\/p>\n<p class=\"read-more\"> <a class=\"\" href=\"https:\/\/bemnascer.pt\/?page_id=8\"> <span class=\"screen-reader-text\">Sobre n\u00f3s<\/span> Read More &raquo;<\/a><\/p>\n","protected":false},"author":2,"featured_media":0,"parent":0,"menu_order":0,"comment_status":"closed","ping_status":"closed","template":"","meta":[],"yoast_head":"<!-- This site is optimized with the Yoast SEO plugin v15.3 - https:\/\/yoast.com\/wordpress\/plugins\/seo\/ -->\n<title>Sobre n\u00f3s - Bem Nascer<\/title>\n<meta name=\"robots\" content=\"index, follow, max-snippet:-1, max-image-preview:large, max-video-preview:-1\" \/>\n<link rel=\"canonical\" href=\"https:\/\/bemnascer.pt\/?page_id=8\" \/>\n<meta property=\"og:locale\" content=\"pt_PT\" \/>\n<meta property=\"og:type\" content=\"article\" \/>\n<meta property=\"og:title\" content=\"Sobre n\u00f3s - Bem Nascer\" \/>\n<meta property=\"og:description\" content=\"Sobre n\u00f3s Quem somos \u00a0Somos uma equipa de profissionais experientes com diferentes val\u00eancias que se completam, que partilham a paix\u00e3o pelo que fazem e o desejo de apoiar os casais na sua caminhada pelo mundo da gravidez e parentalidade, com o objetivo de responder \u00e0s necessidades de quem nos procura. Sempre em busca de mais &hellip; Sobre n\u00f3s Read More &raquo;\" \/>\n<meta property=\"og:url\" content=\"https:\/\/bemnascer.pt\/?page_id=8\" \/>\n<meta property=\"og:site_name\" content=\"Bem Nascer\" \/>\n<meta property=\"article:publisher\" content=\"https:\/\/www.facebook.com\/bemnascersantarem\" \/>\n<meta property=\"article:modified_time\" content=\"2024-11-20T20:40:35+00:00\" \/>\n<meta property=\"og:image\" content=\"https:\/\/bemnascer.pt\/wp-content\/uploads\/2020\/11\/Sofia1-150x150.png\" \/>\n<meta name=\"twitter:card\" content=\"summary_large_image\" \/>\n<meta name=\"twitter:label1\" content=\"Written by\">\n\t<meta name=\"twitter:data1\" content=\"Ana Violante\">\n\t<meta name=\"twitter:label2\" content=\"Est. reading time\">\n\t<meta name=\"twitter:data2\" content=\"1 minuto\">\n<script type=\"application\/ld+json\" class=\"yoast-schema-graph\">{\"@context\":\"https:\/\/schema.org\",\"@graph\":[{\"@type\":\"Organization\",\"@id\":\"https:\/\/bemnascer.pt\/#organization\",\"name\":\"Bem Nascer\",\"url\":\"https:\/\/bemnascer.pt\/\",\"sameAs\":[\"https:\/\/www.facebook.com\/bemnascersantarem\",\"https:\/\/www.instagram.com\/bemnascer_str\/\"],\"logo\":{\"@type\":\"ImageObject\",\"@id\":\"https:\/\/bemnascer.pt\/#logo\",\"inLanguage\":\"pt-PT\",\"url\":\"https:\/\/bemnascer.pt\/wp-content\/uploads\/2020\/10\/logo-e1603372835884.png\",\"width\":1000,\"height\":627,\"caption\":\"Bem Nascer\"},\"image\":{\"@id\":\"https:\/\/bemnascer.pt\/#logo\"}},{\"@type\":\"WebSite\",\"@id\":\"https:\/\/bemnascer.pt\/#website\",\"url\":\"https:\/\/bemnascer.pt\/\",\"name\":\"Bem Nascer\",\"description\":\"prepara\\u00e7\\u00e3o para o nascimento e parentalidade\",\"publisher\":{\"@id\":\"https:\/\/bemnascer.pt\/#organization\"},\"potentialAction\":[{\"@type\":\"SearchAction\",\"target\":\"https:\/\/bemnascer.pt\/?s={search_term_string}\",\"query-input\":\"required name=search_term_string\"}],\"inLanguage\":\"pt-PT\"},{\"@type\":\"ImageObject\",\"@id\":\"https:\/\/bemnascer.pt\/?page_id=8#primaryimage\",\"inLanguage\":\"pt-PT\",\"url\":\"https:\/\/bemnascer.pt\/wp-content\/uploads\/2020\/11\/Sofia1.png\",\"width\":318,\"height\":442},{\"@type\":\"WebPage\",\"@id\":\"https:\/\/bemnascer.pt\/?page_id=8#webpage\",\"url\":\"https:\/\/bemnascer.pt\/?page_id=8\",\"name\":\"Sobre n\\u00f3s - Bem Nascer\",\"isPartOf\":{\"@id\":\"https:\/\/bemnascer.pt\/#website\"},\"primaryImageOfPage\":{\"@id\":\"https:\/\/bemnascer.pt\/?page_id=8#primaryimage\"},\"datePublished\":\"2020-02-01T18:59:40+00:00\",\"dateModified\":\"2024-11-20T20:40:35+00:00\",\"inLanguage\":\"pt-PT\",\"potentialAction\":[{\"@type\":\"ReadAction\",\"target\":[\"https:\/\/bemnascer.pt\/?page_id=8\"]}]}]}<\/script>\n<!-- \/ Yoast SEO plugin. -->","_links":{"self":[{"href":"https:\/\/bemnascer.pt\/index.php?rest_route=\/wp\/v2\/pages\/8"}],"collection":[{"href":"https:\/\/bemnascer.pt\/index.php?rest_route=\/wp\/v2\/pages"}],"about":[{"href":"https:\/\/bemnascer.pt\/index.php?rest_route=\/wp\/v2\/types\/page"}],"author":[{"embeddable":true,"href":"https:\/\/bemnascer.pt\/index.php?rest_route=\/wp\/v2\/users\/2"}],"replies":[{"embeddable":true,"href":"https:\/\/bemnascer.pt\/index.php?rest_route=%2Fwp%2Fv2%2Fcomments&post=8"}],"version-history":[{"count":119,"href":"https:\/\/bemnascer.pt\/index.php?rest_route=\/wp\/v2\/pages\/8\/revisions"}],"predecessor-version":[{"id":57258,"href":"https:\/\/bemnascer.pt\/index.php?rest_route=\/wp\/v2\/pages\/8\/revisions\/57258"}],"wp:attachment":[{"href":"https:\/\/bemnascer.pt\/index.php?rest_route=%2Fwp%2Fv2%2Fmedia&parent=8"}],"curies":[{"name":"wp","href":"https:\/\/api.w.org\/{rel}","templated":true}]}}