{"id":6,"date":"2020-02-01T18:57:44","date_gmt":"2020-02-01T18:57:44","guid":{"rendered":"https:\/\/bemnascer.online\/?page_id=6"},"modified":"2024-11-20T20:29:59","modified_gmt":"2024-11-20T20:29:59","slug":"home","status":"publish","type":"page","link":"https:\/\/bemnascer.pt\/","title":{"rendered":"Home"},"content":{"rendered":"\t\t<div data-elementor-type=\"wp-page\" data-elementor-id=\"6\" class=\"elementor elementor-6\" data-elementor-settings=\"[]\">\n\t\t\t\t\t\t<div class=\"elementor-inner\">\n\t\t\t\t\t\t\t<div class=\"elementor-section-wrap\">\n\t\t\t\t\t\t\t<section class=\"elementor-section elementor-top-section elementor-element elementor-element-df302d4 elementor-section-full_width elementor-section-height-min-height elementor-section-content-middle elementor-section-height-default elementor-section-items-middle\" data-id=\"df302d4\" data-element_type=\"section\" data-settings=\"{&quot;background_background&quot;:&quot;classic&quot;}\">\n\t\t\t\t\t\t\t<div class=\"elementor-background-overlay\"><\/div>\n\t\t\t\t\t\t\t<div class=\"elementor-container elementor-column-gap-no\">\n\t\t\t\t\t\t\t<div class=\"elementor-row\">\n\t\t\t\t\t<div class=\"elementor-column elementor-col-100 elementor-top-column elementor-element elementor-element-c0777b9 animated-slow elementor-invisible\" data-id=\"c0777b9\" data-element_type=\"column\" data-settings=\"{&quot;background_background&quot;:&quot;classic&quot;,&quot;animation&quot;:&quot;fadeIn&quot;}\">\n\t\t\t<div class=\"elementor-column-wrap elementor-element-populated\">\n\t\t\t\t\t\t\t<div class=\"elementor-widget-wrap\">\n\t\t\t\t\t\t<div class=\"elementor-element elementor-element-af21fef elementor-widget elementor-widget-spacer\" data-id=\"af21fef\" data-element_type=\"widget\" data-widget_type=\"spacer.default\">\n\t\t\t\t<div class=\"elementor-widget-container\">\n\t\t\t\t\t<div class=\"elementor-spacer\">\n\t\t\t<div class=\"elementor-spacer-inner\"><\/div>\n\t\t<\/div>\n\t\t\t\t<\/div>\n\t\t\t\t<\/div>\n\t\t\t\t<div class=\"elementor-element elementor-element-6b13f1c elementor-widget elementor-widget-heading\" data-id=\"6b13f1c\" data-element_type=\"widget\" data-widget_type=\"heading.default\">\n\t\t\t\t<div class=\"elementor-widget-container\">\n\t\t\t<h2 class=\"elementor-heading-title elementor-size-xl\">Espa\u00e7o de prepara\u00e7\u00e3o \npara o nascimento \ne parentalidade <\/h2>\t\t<\/div>\n\t\t\t\t<\/div>\n\t\t\t\t\t\t<\/div>\n\t\t\t\t\t<\/div>\n\t\t<\/div>\n\t\t\t\t\t\t\t\t<\/div>\n\t\t\t\t\t<\/div>\n\t\t<\/section>\n\t\t\t\t<section class=\"elementor-section elementor-top-section elementor-element elementor-element-2877d64 elementor-section-boxed elementor-section-height-default elementor-section-height-default\" data-id=\"2877d64\" data-element_type=\"section\">\n\t\t\t\t\t\t<div class=\"elementor-container elementor-column-gap-default\">\n\t\t\t\t\t\t\t<div class=\"elementor-row\">\n\t\t\t\t\t<div class=\"elementor-column elementor-col-100 elementor-top-column elementor-element elementor-element-a21658e\" data-id=\"a21658e\" data-element_type=\"column\">\n\t\t\t<div class=\"elementor-column-wrap elementor-element-populated\">\n\t\t\t\t\t\t\t<div class=\"elementor-widget-wrap\">\n\t\t\t\t\t\t<div class=\"elementor-element elementor-element-f38206a elementor-widget elementor-widget-spacer\" data-id=\"f38206a\" data-element_type=\"widget\" data-widget_type=\"spacer.default\">\n\t\t\t\t<div class=\"elementor-widget-container\">\n\t\t\t\t\t<div class=\"elementor-spacer\">\n\t\t\t<div class=\"elementor-spacer-inner\"><\/div>\n\t\t<\/div>\n\t\t\t\t<\/div>\n\t\t\t\t<\/div>\n\t\t\t\t<div class=\"elementor-element elementor-element-ad2df05 elementor-widget elementor-widget-spacer\" data-id=\"ad2df05\" data-element_type=\"widget\" data-widget_type=\"spacer.default\">\n\t\t\t\t<div class=\"elementor-widget-container\">\n\t\t\t\t\t<div class=\"elementor-spacer\">\n\t\t\t<div class=\"elementor-spacer-inner\"><\/div>\n\t\t<\/div>\n\t\t\t\t<\/div>\n\t\t\t\t<\/div>\n\t\t\t\t<div class=\"elementor-element elementor-element-99bde66 elementor-widget elementor-widget-heading\" data-id=\"99bde66\" data-element_type=\"widget\" data-widget_type=\"heading.default\">\n\t\t\t\t<div class=\"elementor-widget-container\">\n\t\t\t<h1 class=\"elementor-heading-title elementor-size-xl\">Vou ser m\u00e3e!  Vamos ser pais!<br>Que alegria! Que preocupa\u00e7\u00e3o!\n <\/h1>\t\t<\/div>\n\t\t\t\t<\/div>\n\t\t\t\t<div class=\"elementor-element elementor-element-4946cb7 elementor-widget elementor-widget-spacer\" data-id=\"4946cb7\" data-element_type=\"widget\" data-widget_type=\"spacer.default\">\n\t\t\t\t<div class=\"elementor-widget-container\">\n\t\t\t\t\t<div class=\"elementor-spacer\">\n\t\t\t<div class=\"elementor-spacer-inner\"><\/div>\n\t\t<\/div>\n\t\t\t\t<\/div>\n\t\t\t\t<\/div>\n\t\t\t\t<section class=\"elementor-section elementor-inner-section elementor-element elementor-element-dfba234 elementor-section-boxed elementor-section-height-default elementor-section-height-default\" data-id=\"dfba234\" data-element_type=\"section\">\n\t\t\t\t\t\t<div class=\"elementor-container elementor-column-gap-default\">\n\t\t\t\t\t\t\t<div class=\"elementor-row\">\n\t\t\t\t\t<div class=\"elementor-column elementor-col-50 elementor-inner-column elementor-element elementor-element-f49830e\" data-id=\"f49830e\" data-element_type=\"column\">\n\t\t\t<div class=\"elementor-column-wrap elementor-element-populated\">\n\t\t\t\t\t\t\t<div class=\"elementor-widget-wrap\">\n\t\t\t\t\t\t<div class=\"elementor-element elementor-element-addc35b elementor-widget elementor-widget-image\" data-id=\"addc35b\" data-element_type=\"widget\" data-widget_type=\"image.default\">\n\t\t\t\t<div class=\"elementor-widget-container\">\n\t\t\t\t\t<div class=\"elementor-image\">\n\t\t\t\t\t\t\t\t\t\t<img src=\"https:\/\/bemnascer.pt\/wp-content\/uploads\/elementor\/thumbs\/pregnant-boy-pregnancy-4204000-qw6yzshgnoyn94egv0zv9livdt42tb652jxuixv7r4.jpg\" title=\"pregnant, boy, pregnancy-4204000\" alt=\"pregnant, boy, pregnancy\" \/>\t\t\t\t\t\t\t\t\t\t\t<\/div>\n\t\t\t\t<\/div>\n\t\t\t\t<\/div>\n\t\t\t\t\t\t<\/div>\n\t\t\t\t\t<\/div>\n\t\t<\/div>\n\t\t\t\t<div class=\"elementor-column elementor-col-50 elementor-inner-column elementor-element elementor-element-b96afb2\" data-id=\"b96afb2\" data-element_type=\"column\">\n\t\t\t<div class=\"elementor-column-wrap elementor-element-populated\">\n\t\t\t\t\t\t\t<div class=\"elementor-widget-wrap\">\n\t\t\t\t\t\t<div class=\"elementor-element elementor-element-cfed8f0 elementor-widget elementor-widget-text-editor\" data-id=\"cfed8f0\" data-element_type=\"widget\" data-widget_type=\"text-editor.default\">\n\t\t\t\t<div class=\"elementor-widget-container\">\n\t\t\t\t\t<div class=\"elementor-text-editor elementor-clearfix\"><p>Os futuros pais sentem a necessidade de estar informados sobre esta nova etapa das suas vidas.<\/p><p>O espa\u00e7o Bem Nascer, em\u00a0Santar\u00e9m, proporciona-lhes a oportunidade de partilharem as suas d\u00favidas e (in)experi\u00eancias, e obterem a informa\u00e7\u00e3o adequada \u00e0s suas necessidades pessoais de prepara\u00e7\u00e3o para a parentalidade:<\/p><ul><li>Alcan\u00e7ar maior qualidade de vida durante a gravidez<\/li><li>Vivenciar o parto de forma serena e participativa<\/li><li>Cuidar do seu beb\u00e9 com confian\u00e7a e tranquilidade<\/li><li>Recuperar ap\u00f3s o parto<\/li><\/ul><p>O espa\u00e7o Bem Nascer garante tamb\u00e9m, no\u00a0domic\u00edlio, o acompanhamento, aconselhamento e vigil\u00e2ncia da sa\u00fade da m\u00e3e e do beb\u00e9 ap\u00f3s o parto, facilitando a integra\u00e7\u00e3o do beb\u00e9 no seio familiar.<\/p><\/div>\n\t\t\t\t<\/div>\n\t\t\t\t<\/div>\n\t\t\t\t\t\t<\/div>\n\t\t\t\t\t<\/div>\n\t\t<\/div>\n\t\t\t\t\t\t\t\t<\/div>\n\t\t\t\t\t<\/div>\n\t\t<\/section>\n\t\t\t\t<div class=\"elementor-element elementor-element-22b1475 elementor-widget elementor-widget-spacer\" data-id=\"22b1475\" data-element_type=\"widget\" data-widget_type=\"spacer.default\">\n\t\t\t\t<div class=\"elementor-widget-container\">\n\t\t\t\t\t<div class=\"elementor-spacer\">\n\t\t\t<div class=\"elementor-spacer-inner\"><\/div>\n\t\t<\/div>\n\t\t\t\t<\/div>\n\t\t\t\t<\/div>\n\t\t\t\t<div class=\"elementor-element elementor-element-7fbed22 elementor-widget elementor-widget-text-editor\" data-id=\"7fbed22\" data-element_type=\"widget\" data-widget_type=\"text-editor.default\">\n\t\t\t\t<div class=\"elementor-widget-container\">\n\t\t\t\t\t<div class=\"elementor-text-editor elementor-clearfix\"><\/div>\n\t\t\t\t<\/div>\n\t\t\t\t<\/div>\n\t\t\t\t\t\t<\/div>\n\t\t\t\t\t<\/div>\n\t\t<\/div>\n\t\t\t\t\t\t\t\t<\/div>\n\t\t\t\t\t<\/div>\n\t\t<\/section>\n\t\t\t\t\t\t<\/div>\n\t\t\t\t\t\t<\/div>\n\t\t\t\t\t<\/div>\n\t\t","protected":false},"excerpt":{"rendered":"<p>Espa\u00e7o de prepara\u00e7\u00e3o para o nascimento e parentalidade Vou ser m\u00e3e! Vamos ser pais!Que alegria! Que preocupa\u00e7\u00e3o! Os futuros pais sentem a necessidade de estar informados sobre esta nova etapa das suas vidas. O espa\u00e7o Bem Nascer, em\u00a0Santar\u00e9m, proporciona-lhes a oportunidade de partilharem as suas d\u00favidas e (in)experi\u00eancias, e obterem a informa\u00e7\u00e3o adequada \u00e0s suas &hellip;<\/p>\n<p class=\"read-more\"> <a class=\"\" href=\"https:\/\/bemnascer.pt\/\"> <span class=\"screen-reader-text\">Home<\/span> Read More &raquo;<\/a><\/p>\n","protected":false},"author":2,"featured_media":0,"parent":0,"menu_order":0,"comment_status":"closed","ping_status":"closed","template":"","meta":[],"yoast_head":"<!-- This site is optimized with the Yoast SEO plugin v15.3 - https:\/\/yoast.com\/wordpress\/plugins\/seo\/ -->\n<title>Home - Bem Nascer %<\/title>\n<meta name=\"description\" content=\"prepara\u00e7\u00e3o para o parto e parentalidade, gravidez, nascimento, beb\u00e9\" \/>\n<meta name=\"robots\" content=\"index, follow, max-snippet:-1, max-image-preview:large, max-video-preview:-1\" \/>\n<link rel=\"canonical\" href=\"https:\/\/bemnascer.pt\/\" \/>\n<meta property=\"og:locale\" content=\"pt_PT\" \/>\n<meta property=\"og:type\" content=\"article\" \/>\n<meta property=\"og:title\" content=\"Home - Bem Nascer %\" \/>\n<meta property=\"og:description\" content=\"prepara\u00e7\u00e3o para o parto e parentalidade, gravidez, nascimento, beb\u00e9\" \/>\n<meta property=\"og:url\" content=\"https:\/\/bemnascer.pt\/\" \/>\n<meta property=\"og:site_name\" content=\"Bem Nascer\" \/>\n<meta property=\"article:publisher\" content=\"https:\/\/www.facebook.com\/bemnascersantarem\" \/>\n<meta property=\"article:modified_time\" content=\"2024-11-20T20:29:59+00:00\" \/>\n<meta property=\"og:image\" content=\"https:\/\/bemnascer.pt\/wp-content\/uploads\/elementor\/thumbs\/pregnant-boy-pregnancy-4204000-qw6yzshgnoyn94egv0zv9livdt42tb652jxuixv4fo.jpg\" \/>\n<meta name=\"twitter:card\" content=\"summary_large_image\" \/>\n<meta name=\"twitter:label1\" content=\"Written by\">\n\t<meta name=\"twitter:data1\" content=\"Ana Violante\">\n\t<meta name=\"twitter:label2\" content=\"Est. reading time\">\n\t<meta name=\"twitter:data2\" content=\"1 minuto\">\n<script type=\"application\/ld+json\" class=\"yoast-schema-graph\">{\"@context\":\"https:\/\/schema.org\",\"@graph\":[{\"@type\":\"Organization\",\"@id\":\"https:\/\/bemnascer.pt\/#organization\",\"name\":\"Bem Nascer\",\"url\":\"https:\/\/bemnascer.pt\/\",\"sameAs\":[\"https:\/\/www.facebook.com\/bemnascersantarem\",\"https:\/\/www.instagram.com\/bemnascer_str\/\"],\"logo\":{\"@type\":\"ImageObject\",\"@id\":\"https:\/\/bemnascer.pt\/#logo\",\"inLanguage\":\"pt-PT\",\"url\":\"https:\/\/bemnascer.pt\/wp-content\/uploads\/2020\/10\/logo-e1603372835884.png\",\"width\":1000,\"height\":627,\"caption\":\"Bem Nascer\"},\"image\":{\"@id\":\"https:\/\/bemnascer.pt\/#logo\"}},{\"@type\":\"WebSite\",\"@id\":\"https:\/\/bemnascer.pt\/#website\",\"url\":\"https:\/\/bemnascer.pt\/\",\"name\":\"Bem Nascer\",\"description\":\"prepara\\u00e7\\u00e3o para o nascimento e parentalidade\",\"publisher\":{\"@id\":\"https:\/\/bemnascer.pt\/#organization\"},\"potentialAction\":[{\"@type\":\"SearchAction\",\"target\":\"https:\/\/bemnascer.pt\/?s={search_term_string}\",\"query-input\":\"required name=search_term_string\"}],\"inLanguage\":\"pt-PT\"},{\"@type\":\"ImageObject\",\"@id\":\"https:\/\/bemnascer.pt\/#primaryimage\",\"inLanguage\":\"pt-PT\",\"url\":\"https:\/\/bemnascer.pt\/wp-content\/uploads\/elementor\/thumbs\/pregnant-boy-pregnancy-4204000-qw6yzshgnoyn94egv0zv9livdt42tb652jxuixv4fo.jpg\"},{\"@type\":\"WebPage\",\"@id\":\"https:\/\/bemnascer.pt\/#webpage\",\"url\":\"https:\/\/bemnascer.pt\/\",\"name\":\"Home - Bem Nascer %\",\"isPartOf\":{\"@id\":\"https:\/\/bemnascer.pt\/#website\"},\"primaryImageOfPage\":{\"@id\":\"https:\/\/bemnascer.pt\/#primaryimage\"},\"datePublished\":\"2020-02-01T18:57:44+00:00\",\"dateModified\":\"2024-11-20T20:29:59+00:00\",\"description\":\"prepara\\u00e7\\u00e3o para o parto e parentalidade, gravidez, nascimento, beb\\u00e9\",\"inLanguage\":\"pt-PT\",\"potentialAction\":[{\"@type\":\"ReadAction\",\"target\":[\"https:\/\/bemnascer.pt\/\"]}]}]}<\/script>\n<!-- \/ Yoast SEO plugin. -->","_links":{"self":[{"href":"https:\/\/bemnascer.pt\/index.php?rest_route=\/wp\/v2\/pages\/6"}],"collection":[{"href":"https:\/\/bemnascer.pt\/index.php?rest_route=\/wp\/v2\/pages"}],"about":[{"href":"https:\/\/bemnascer.pt\/index.php?rest_route=\/wp\/v2\/types\/page"}],"author":[{"embeddable":true,"href":"https:\/\/bemnascer.pt\/index.php?rest_route=\/wp\/v2\/users\/2"}],"replies":[{"embeddable":true,"href":"https:\/\/bemnascer.pt\/index.php?rest_route=%2Fwp%2Fv2%2Fcomments&post=6"}],"version-history":[{"count":267,"href":"https:\/\/bemnascer.pt\/index.php?rest_route=\/wp\/v2\/pages\/6\/revisions"}],"predecessor-version":[{"id":57245,"href":"https:\/\/bemnascer.pt\/index.php?rest_route=\/wp\/v2\/pages\/6\/revisions\/57245"}],"wp:attachment":[{"href":"https:\/\/bemnascer.pt\/index.php?rest_route=%2Fwp%2Fv2%2Fmedia&parent=6"}],"curies":[{"name":"wp","href":"https:\/\/api.w.org\/{rel}","templated":true}]}}